{"id":1454,"date":"2013-01-22T03:48:42","date_gmt":"2013-01-22T03:48:42","guid":{"rendered":"http:\/\/www.clubedaposta.com\/novo-site\/?page_id=1454"},"modified":"2025-08-04T18:30:44","modified_gmt":"2025-08-04T21:30:44","slug":"calculadora-de-apuestas","status":"publish","type":"page","link":"https:\/\/apuestasclub.com\/ar\/calculadora-de-apuestas\/","title":{"rendered":"Calculadora de Apuestas"},"content":{"rendered":"\n<section class=\"HeroBlog\"><style type=\"text\/css\">.HeroBlog{--hero-bg: url(https:\/\/apuestasclub.com\/ar\/wp-content\/uploads\/sites\/9\/2021\/03\/capa-blog.png);}<\/style><div class=\"container container-small\"><h1 class=\"HeroBlog-title\">Calculadora de Apuestas<\/h1><\/div><div class=\"HeroBlog-background\"><\/div><\/section>\n\n\n\n<section class=\"Bookmaker\"><div class=\"container container-small Bookmaker-separator\"><h2 class=\"Bookmaker-title\"><span style=\"background-color:rgba(0, 0, 0, 0)\" class=\"has-inline-color has-white-color\">Mejores casas de apuestas<\/span><\/h2><hr\/><\/div><div class=\"Bookmaker-list container\"><article class=\"CardBookmaker CardBookmaker-list\" data-id=\"137605\">\n\t\t\t\t<a class=\"CardBookmaker-header CardBookmaker-list-header\" href=\"https:\/\/link.apuestasclub.com\/bet365-argentina\">\n\t\t\t\t\t<span\n\t\t\t\t\t\tclass=\"CardBookmaker-bg CardBookmaker-list-bg skip-lazy\"\n\t\t\t\t\t\tstyle=\"background-image: url(https:\/\/apuestasclub.com\/ar\/wp-content\/uploads\/sites\/9\/2021\/04\/crie_sua_conta_na_bet365.png)\"\n\t\t\t\t\t><\/span><img decoding=\"async\" class=\"CardBookmaker-branding CardBookmaker-list-branding skip-lazy\"\n                        src=\"https:\/\/apuestasclub.com\/ar\/wp-content\/uploads\/sites\/9\/2021\/04\/bet365-logo.svg\"\n                        alt=\"Bet365\"><\/a>\n\t\t\t\t<div class=\"CardBookmaker-content CardBookmaker-list-content\">\n\t\t\t\t\t<span class=\"CardBookmaker-list-theme\"\n\t\t\t\t\t\tstyle=\"background: \">\n\t\t\t\t\t<\/span>\n                    <span class=\"CardBookmaker-title CardBookmaker-list-title-fake\">\n\t\t\t\t\t\t<a href=\"https:\/\/link.apuestasclub.com\/bet365-argentina\"\n\t\t\t\t\t\t\ttitle=\"www.bet365.bet.ar\" target=\"_blank\">\n\t\t\t\t\t\t\twww.bet365.bet.ar\n\t\t\t\t\t\t<\/a>\n\t\t\t\t\t<\/span>\n                    <div class=\"CardBookmaker-stars-link CardBookmaker-list-stars-link\">\n                        <a href=\"https:\/\/apuestasclub.com\/ar\/casas-de-apuestas\/bet365\/\" class=\"CardBookmaker-link CardBookmaker-list-link\"\n                            title=\"Vea nuestro an\u00e1lisis Bet365\">\n                            Vea nuestro an\u00e1lisis\n                        <\/a>\n                        <div class=\"CardBookmaker-stars CardBookmaker-list-stars\"><div class=\"CardBookmaker-star CardBookmaker-list-star\"><svg id=\"color\" enable-background=\"new 0 0 24 24\" size=\"20\" height=\"16\" width=\"20\"\n\t\t\t\tviewBox=\"0 0 24 24\" xmlns=\"http:\/\/www.w3.org\/2000\/svg\">\n\t\t\t\t<path d=\"m23.79 9.87-5.36 5.49 1.26 7.77c.111.62-.562 1.074-1.1.78l-6.59-3.65v-20.23c.28\n\t\t\t\t\t0 .56.13.68.4l3.31 7.05 7.37 1.12c.616.11.843.835.43 1.27z\" fill=\"#ffbb14\"\n\t\t\t\t\tstroke=\"#ffbb14\"\/>\n\t\t\t\t<path d=\"m12 .03v20.23l-6.59\n\t\t\t\t\t3.65c-.529.297-1.212-.153-1.1-.78l1.26-7.77-5.36-5.49c-.413-.435-.187-1.16.43-1.27l7.37-1.12\n\t\t\t\t\t3.31-7.05c.12-.27.4-.4.68-.4z\" fill=\"#ffbb14\" stroke=\"#ffbb14\"\/>\n\t\t\t<\/svg><\/div><div class=\"CardBookmaker-star CardBookmaker-list-star\"><svg id=\"color\" enable-background=\"new 0 0 24 24\" size=\"20\" height=\"16\" width=\"20\"\n\t\t\t\tviewBox=\"0 0 24 24\" xmlns=\"http:\/\/www.w3.org\/2000\/svg\">\n\t\t\t\t<path d=\"m23.79 9.87-5.36 5.49 1.26 7.77c.111.62-.562 1.074-1.1.78l-6.59-3.65v-20.23c.28\n\t\t\t\t\t0 .56.13.68.4l3.31 7.05 7.37 1.12c.616.11.843.835.43 1.27z\" fill=\"#ffbb14\"\n\t\t\t\t\tstroke=\"#ffbb14\"\/>\n\t\t\t\t<path d=\"m12 .03v20.23l-6.59\n\t\t\t\t\t3.65c-.529.297-1.212-.153-1.1-.78l1.26-7.77-5.36-5.49c-.413-.435-.187-1.16.43-1.27l7.37-1.12\n\t\t\t\t\t3.31-7.05c.12-.27.4-.4.68-.4z\" fill=\"#ffbb14\" stroke=\"#ffbb14\"\/>\n\t\t\t<\/svg><\/div><div class=\"CardBookmaker-star CardBookmaker-list-star\"><svg id=\"color\" enable-background=\"new 0 0 24 24\" size=\"20\" height=\"16\" width=\"20\"\n\t\t\t\tviewBox=\"0 0 24 24\" xmlns=\"http:\/\/www.w3.org\/2000\/svg\">\n\t\t\t\t<path d=\"m23.79 9.87-5.36 5.49 1.26 7.77c.111.62-.562 1.074-1.1.78l-6.59-3.65v-20.23c.28\n\t\t\t\t\t0 .56.13.68.4l3.31 7.05 7.37 1.12c.616.11.843.835.43 1.27z\" fill=\"#ffbb14\"\n\t\t\t\t\tstroke=\"#ffbb14\"\/>\n\t\t\t\t<path d=\"m12 .03v20.23l-6.59\n\t\t\t\t\t3.65c-.529.297-1.212-.153-1.1-.78l1.26-7.77-5.36-5.49c-.413-.435-.187-1.16.43-1.27l7.37-1.12\n\t\t\t\t\t3.31-7.05c.12-.27.4-.4.68-.4z\" fill=\"#ffbb14\" stroke=\"#ffbb14\"\/>\n\t\t\t<\/svg><\/div><div class=\"CardBookmaker-star CardBookmaker-list-star\"><svg id=\"color\" enable-background=\"new 0 0 24 24\" size=\"20\" height=\"16\" width=\"20\"\n\t\t\t\tviewBox=\"0 0 24 24\" xmlns=\"http:\/\/www.w3.org\/2000\/svg\">\n\t\t\t\t<path d=\"m23.79 9.87-5.36 5.49 1.26 7.77c.111.62-.562 1.074-1.1.78l-6.59-3.65v-20.23c.28\n\t\t\t\t\t0 .56.13.68.4l3.31 7.05 7.37 1.12c.616.11.843.835.43 1.27z\" fill=\"#ffbb14\"\n\t\t\t\t\tstroke=\"#ffbb14\"\/>\n\t\t\t\t<path d=\"m12 .03v20.23l-6.59\n\t\t\t\t\t3.65c-.529.297-1.212-.153-1.1-.78l1.26-7.77-5.36-5.49c-.413-.435-.187-1.16.43-1.27l7.37-1.12\n\t\t\t\t\t3.31-7.05c.12-.27.4-.4.68-.4z\" fill=\"#ffbb14\" stroke=\"#ffbb14\"\/>\n\t\t\t<\/svg><\/div><div class=\"CardBookmaker-star CardBookmaker-list-star\"><svg id=\"color\" enable-background=\"new 0 0 24 24\" size=\"20\" height=\"16\" width=\"20\"\n\t\t\t\tviewBox=\"0 0 24 24\" xmlns=\"http:\/\/www.w3.org\/2000\/svg\">\n\t\t\t\t<path d=\"m23.79 9.87-5.36 5.49 1.26 7.77c.111.62-.562 1.074-1.1.78l-6.59-3.65v-20.23c.28\n\t\t\t\t\t0 .56.13.68.4l3.31 7.05 7.37 1.12c.616.11.843.835.43 1.27z\" fill=\"#ffbb14\"\n\t\t\t\t\tstroke=\"#ffbb14\"\/>\n\t\t\t\t<path d=\"m12 .03v20.23l-6.59\n\t\t\t\t\t3.65c-.529.297-1.212-.153-1.1-.78l1.26-7.77-5.36-5.49c-.413-.435-.187-1.16.43-1.27l7.37-1.12\n\t\t\t\t\t3.31-7.05c.12-.27.4-.4.68-.4z\" fill=\"#ffbb14\" stroke=\"#ffbb14\"\/>\n\t\t\t<\/svg><\/div><\/div>\n\t\t\t<\/div>\n\t\t\t\t<div class=\"CardBookmaker-text CardBookmaker-list-text\">\n\t\t\t\t\tBono de 100% hasta $200.000\n\t\t\t\t<\/div><a href=\"https:\/\/link.apuestasclub.com\/bet365-argentina\"\n\t\t\t\t\ttarget=\"_blank\"\n\t\t\t\t\trel=\"noopener\"\n\t\t\t\t\tclass=\"CardBookmaker-btn CardBookmaker-list-btn Btn Btn-small Btn-christi\"\n\t\t\t\t\ttitle=\"ACCEDER Bet365\">\n\t\t\t\t\tACCEDER\n\t\t\t\t<\/a>\n\t\t\t<\/div>\n\t\t<\/article><article class=\"CardBookmaker CardBookmaker-list\" data-id=\"750150\">\n\t\t\t\t<a class=\"CardBookmaker-header CardBookmaker-list-header\" href=\"https:\/\/link.apuestasclub.com\/betano-ar?c=boton-apostar\">\n\t\t\t\t\t<span\n\t\t\t\t\t\tclass=\"CardBookmaker-bg CardBookmaker-list-bg skip-lazy\"\n\t\t\t\t\t\tstyle=\"background-image: url(https:\/\/apuestasclub.com\/ar\/wp-content\/uploads\/sites\/9\/2021\/04\/crie_sua_conta_na_betfair.png)\"\n\t\t\t\t\t><\/span><img decoding=\"async\" class=\"CardBookmaker-branding CardBookmaker-list-branding skip-lazy\"\n                        src=\"https:\/\/apuestasclub.com\/ar\/wp-content\/uploads\/sites\/9\/2024\/03\/logo-betano.svg\"\n                        alt=\"Betano\"><\/a>\n\t\t\t\t<div class=\"CardBookmaker-content CardBookmaker-list-content\">\n\t\t\t\t\t<span class=\"CardBookmaker-list-theme\"\n\t\t\t\t\t\tstyle=\"background: \">\n\t\t\t\t\t<\/span>\n                    <span class=\"CardBookmaker-title CardBookmaker-list-title-fake\">\n\t\t\t\t\t\t<a href=\"https:\/\/link.apuestasclub.com\/betano-ar?c=review-betano\"\n\t\t\t\t\t\t\ttitle=\"www.betano.com.ar\" target=\"_blank\">\n\t\t\t\t\t\t\twww.betano.com.ar\n\t\t\t\t\t\t<\/a>\n\t\t\t\t\t<\/span>\n                    <div class=\"CardBookmaker-stars-link CardBookmaker-list-stars-link\">\n                        <a href=\"https:\/\/apuestasclub.com\/ar\/casas-de-apuestas\/betano\/\" class=\"CardBookmaker-link CardBookmaker-list-link\"\n                            title=\"An\u00e1lisis de Betano Betano\">\n                            An\u00e1lisis de Betano\n                        <\/a>\n                        <div class=\"CardBookmaker-stars CardBookmaker-list-stars\"><div class=\"CardBookmaker-star CardBookmaker-list-star\"><svg id=\"color\" enable-background=\"new 0 0 24 24\" size=\"20\" height=\"16\" width=\"20\"\n\t\t\t\tviewBox=\"0 0 24 24\" xmlns=\"http:\/\/www.w3.org\/2000\/svg\">\n\t\t\t\t<path d=\"m23.79 9.87-5.36 5.49 1.26 7.77c.111.62-.562 1.074-1.1.78l-6.59-3.65v-20.23c.28\n\t\t\t\t\t0 .56.13.68.4l3.31 7.05 7.37 1.12c.616.11.843.835.43 1.27z\" fill=\"#ffbb14\"\n\t\t\t\t\tstroke=\"#ffbb14\"\/>\n\t\t\t\t<path d=\"m12 .03v20.23l-6.59\n\t\t\t\t\t3.65c-.529.297-1.212-.153-1.1-.78l1.26-7.77-5.36-5.49c-.413-.435-.187-1.16.43-1.27l7.37-1.12\n\t\t\t\t\t3.31-7.05c.12-.27.4-.4.68-.4z\" fill=\"#ffbb14\" stroke=\"#ffbb14\"\/>\n\t\t\t<\/svg><\/div><div class=\"CardBookmaker-star CardBookmaker-list-star\"><svg id=\"color\" enable-background=\"new 0 0 24 24\" size=\"20\" height=\"16\" width=\"20\"\n\t\t\t\tviewBox=\"0 0 24 24\" xmlns=\"http:\/\/www.w3.org\/2000\/svg\">\n\t\t\t\t<path d=\"m23.79 9.87-5.36 5.49 1.26 7.77c.111.62-.562 1.074-1.1.78l-6.59-3.65v-20.23c.28\n\t\t\t\t\t0 .56.13.68.4l3.31 7.05 7.37 1.12c.616.11.843.835.43 1.27z\" fill=\"#ffbb14\"\n\t\t\t\t\tstroke=\"#ffbb14\"\/>\n\t\t\t\t<path d=\"m12 .03v20.23l-6.59\n\t\t\t\t\t3.65c-.529.297-1.212-.153-1.1-.78l1.26-7.77-5.36-5.49c-.413-.435-.187-1.16.43-1.27l7.37-1.12\n\t\t\t\t\t3.31-7.05c.12-.27.4-.4.68-.4z\" fill=\"#ffbb14\" stroke=\"#ffbb14\"\/>\n\t\t\t<\/svg><\/div><div class=\"CardBookmaker-star CardBookmaker-list-star\"><svg id=\"color\" enable-background=\"new 0 0 24 24\" size=\"20\" height=\"16\" width=\"20\"\n\t\t\t\tviewBox=\"0 0 24 24\" xmlns=\"http:\/\/www.w3.org\/2000\/svg\">\n\t\t\t\t<path d=\"m23.79 9.87-5.36 5.49 1.26 7.77c.111.62-.562 1.074-1.1.78l-6.59-3.65v-20.23c.28\n\t\t\t\t\t0 .56.13.68.4l3.31 7.05 7.37 1.12c.616.11.843.835.43 1.27z\" fill=\"#ffbb14\"\n\t\t\t\t\tstroke=\"#ffbb14\"\/>\n\t\t\t\t<path d=\"m12 .03v20.23l-6.59\n\t\t\t\t\t3.65c-.529.297-1.212-.153-1.1-.78l1.26-7.77-5.36-5.49c-.413-.435-.187-1.16.43-1.27l7.37-1.12\n\t\t\t\t\t3.31-7.05c.12-.27.4-.4.68-.4z\" fill=\"#ffbb14\" stroke=\"#ffbb14\"\/>\n\t\t\t<\/svg><\/div><div class=\"CardBookmaker-star CardBookmaker-list-star\"><svg id=\"color\" enable-background=\"new 0 0 24 24\" size=\"20\" height=\"16\" width=\"20\"\n\t\t\t\tviewBox=\"0 0 24 24\" xmlns=\"http:\/\/www.w3.org\/2000\/svg\">\n\t\t\t\t<path d=\"m23.79 9.87-5.36 5.49 1.26 7.77c.111.62-.562 1.074-1.1.78l-6.59-3.65v-20.23c.28\n\t\t\t\t\t0 .56.13.68.4l3.31 7.05 7.37 1.12c.616.11.843.835.43 1.27z\" fill=\"#ffbb14\"\n\t\t\t\t\tstroke=\"#ffbb14\"\/>\n\t\t\t\t<path d=\"m12 .03v20.23l-6.59\n\t\t\t\t\t3.65c-.529.297-1.212-.153-1.1-.78l1.26-7.77-5.36-5.49c-.413-.435-.187-1.16.43-1.27l7.37-1.12\n\t\t\t\t\t3.31-7.05c.12-.27.4-.4.68-.4z\" fill=\"#ffbb14\" stroke=\"#ffbb14\"\/>\n\t\t\t<\/svg><\/div><div class=\"CardBookmaker-star CardBookmaker-list-star\"><svg id=\"color\" enable-background=\"new 0 0 24 24\" size=\"20\" height=\"16\" width=\"20\"\n\t\t\t\tviewBox=\"0 0 24 24\" xmlns=\"http:\/\/www.w3.org\/2000\/svg\">\n\t\t\t\t<path d=\"m23.79 9.87-5.36 5.49 1.26 7.77c.111.62-.562 1.074-1.1.78l-6.59-3.65v-20.23c.28\n\t\t\t\t\t0 .56.13.68.4l3.31 7.05 7.37 1.12c.616.11.843.835.43 1.27z\" fill=\"#5b4517\"\n\t\t\t\t\tstroke=\"#5b4517\"\/>\n\t\t\t\t<path d=\"m12 .03v20.23l-6.59\n\t\t\t\t\t3.65c-.529.297-1.212-.153-1.1-.78l1.26-7.77-5.36-5.49c-.413-.435-.187-1.16.43-1.27l7.37-1.12\n\t\t\t\t\t3.31-7.05c.12-.27.4-.4.68-.4z\" fill=\"#ffbb14\" stroke=\"#ffbb14\"\/>\n\t\t\t<\/svg><\/div><\/div>\n\t\t\t<\/div>\n\t\t\t\t<div class=\"CardBookmaker-text CardBookmaker-list-text\">\n\t\t\t\t\tBono de  $300.000!\n\t\t\t\t<\/div><a href=\"https:\/\/link.apuestasclub.com\/betano-ar?c=boton-apostar\"\n\t\t\t\t\ttarget=\"_blank\"\n\t\t\t\t\trel=\"noopener\"\n\t\t\t\t\tclass=\"CardBookmaker-btn CardBookmaker-list-btn Btn Btn-small Btn-christi\"\n\t\t\t\t\ttitle=\"ACCEDER Betano\">\n\t\t\t\t\tACCEDER\n\t\t\t\t<\/a>\n\t\t\t<\/div>\n\t\t<\/article><\/div><\/section>\n\n\n\n<div style=\"height:30px\" aria-hidden=\"true\" class=\"wp-block-spacer\"><\/div>\n\n\n\n<div class=\"container pages\"><div class=\"TheContent\">\n<p><iframe loading=\"lazy\" style=\"border: 0px;\" src=\"https:\/\/apuestasclub.com\/calculadora\/dist\/index.html\" width=\"740\" height=\"995\"><\/iframe><\/p>\n\n\n\n<h2 class=\"wp-block-heading\">\u00bfC\u00f3mo usar la calculadora de apuestas?<\/h2>\n\n\n\n<p>Utilizar nuestra <strong>calculadora de apuestas<\/strong> es un proceso pr\u00e1ctico e intuitivo. S\u00f3lo es necesario tener mucho cuidado al llenar los campos, luego, ella hace todo el trabajo y le proporcionar\u00e1 la informaci\u00f3n precisa para que puedas apostar con tranquilidad&nbsp;y puedas ser capaz de ejecutar nuestro sistema de apuestas de la manera m\u00e1s eficiente posible.<\/p>\n\n\n\n<h3 class=\"wp-block-heading\">C\u00f3mo utilizar la calculadora de apuestas en la secci\u00f3n&nbsp;de las casas de apuestas:<\/h3>\n\n\n<div class=\"wp-block-image\">\n<figure class=\"aligncenter\"><img decoding=\"async\" width=\"760\" height=\"274\" src=\"https:\/\/apuestasclub.com\/ar\/wp-content\/uploads\/sites\/9\/2013\/01\/columna-casa-apuesta-calculadora.png\" alt=\"Columna de Casa de Apuestas\" class=\"wp-image-51739\" srcset=\"https:\/\/apuestasclub.com\/ar\/wp-content\/uploads\/sites\/9\/2013\/01\/columna-casa-apuesta-calculadora.png 760w, https:\/\/apuestasclub.com\/ar\/wp-content\/uploads\/sites\/9\/2013\/01\/columna-casa-apuesta-calculadora-300x108.png 300w\" sizes=\"(max-width: 760px) 100vw, 760px\" \/><\/figure>\n<\/div>\n\n\n<p>En la columna de la izquierda<strong>&nbsp;&#8220;Casa de Apuesta&#8221;&nbsp;<\/strong>deber\u00e1s rellenar primero el campo&nbsp;<strong>&#8220;Valor Apostado&#8221;<\/strong>&nbsp;con la cantidad apostada en el sitio de la casa de apuestas&nbsp;y, luego, completar el siguiente campo&nbsp;<strong>&#8220;odds&#8221;<\/strong>&nbsp;con el valor de las cotizaciones ofrecidas por la casa. La opci\u00f3n&nbsp;<strong>&#8220;Bono Freebet&#8221;<\/strong>&nbsp;solamente deber\u00e1 ser marcada en caso de que sea \u00e9ste el tipo de bono el ofrecido por la casa.<\/p>\n\n\n\n<h3 class=\"wp-block-heading\">C\u00f3mo utilizar la calculadora de apuestas en la secci\u00f3n&nbsp;de&nbsp;Betfair:<\/h3>\n\n\n<div class=\"wp-block-image\">\n<figure class=\"aligncenter\"><img decoding=\"async\" width=\"760\" height=\"274\" src=\"https:\/\/apuestasclub.com\/ar\/wp-content\/uploads\/sites\/9\/2013\/01\/columna-betfair.png\" alt=\"Columna Betfair\" class=\"wp-image-51740\" srcset=\"https:\/\/apuestasclub.com\/ar\/wp-content\/uploads\/sites\/9\/2013\/01\/columna-betfair.png 760w, https:\/\/apuestasclub.com\/ar\/wp-content\/uploads\/sites\/9\/2013\/01\/columna-betfair-300x108.png 300w\" sizes=\"(max-width: 760px) 100vw, 760px\" \/><\/figure>\n<\/div>\n\n\n<p>En la columna derecha&nbsp;el proceso tambi\u00e9n es bastante simple. Primero, deber\u00e1s rellenar el&nbsp;campo<strong> &#8220;odd&#8221;<\/strong>&nbsp;y lo rellenar\u00e1s con el valor de la cotizaci\u00f3n en que vas a apostar en el sitio de Betfair. En&nbsp;<strong>&#8220;comisi\u00f3n&#8221;<\/strong>&nbsp;ya est\u00e1 previamente seleccionada la comisi\u00f3n inicial cobrada por Betfair de 6,5%, pero puedes cambiarla en caso de que la comisi\u00f3n cobrada en&nbsp;tu cuenta sea menor. Entonces, la calculadora inmediatamente te informar\u00e1 el valor que deber\u00e1s apostar en contra en Betfair, as\u00ed como el saldo necesario (riesgo) para realizar la apuesta al valor indicado.<\/p>\n\n\n\n<h2 class=\"wp-block-heading\">La calculadora muestra cu\u00e1nto ganar\u00e1s<\/h2>\n\n\n<div class=\"wp-block-image\">\n<figure class=\"aligncenter\"><img decoding=\"async\" width=\"760\" height=\"274\" src=\"https:\/\/apuestasclub.com\/ar\/wp-content\/uploads\/sites\/9\/2013\/01\/valor-deducir-bono.png\" alt=\"Valor a deducir del bono\" class=\"wp-image-51742\" srcset=\"https:\/\/apuestasclub.com\/ar\/wp-content\/uploads\/sites\/9\/2013\/01\/valor-deducir-bono.png 760w, https:\/\/apuestasclub.com\/ar\/wp-content\/uploads\/sites\/9\/2013\/01\/valor-deducir-bono-300x108.png 300w\" sizes=\"(max-width: 760px) 100vw, 760px\" \/><\/figure>\n<\/div>\n\n\n<p>Ahora tendr\u00e1s acceso a las informaciones mostradas en el campo <strong>&#8220;Valor a sumar\/deducir de los bonos&#8221;<\/strong>, donde son calculadas las cantidades que deber\u00edan ser descontadas del bono, para que as\u00ed obtengas el valor exacto de tu ganancia.<\/p>\n\n\n\n<p>\u00c9sta es una herramienta fundamental para la aplicaci\u00f3n de nuestro sistema de apuestas. Recomendamos que practiques, y as\u00ed se tornar\u00e1&nbsp;m\u00e1s f\u00e1cil. Para entender directamente c\u00f3mo funciona nuestro sistema de apuestas recomendamos que leas \u00e9ste art\u00edculo:<\/p>\n\n\n<div class=\"wp-block-image\">\n<figure class=\"alignleft\"><img decoding=\"async\" src=\"http:\/\/www.clubedaposta.com\/wp-content\/uploads\/sites\/9\/2013\/01\/outros-artigos-apostas.jpg\" alt=\"Leia tamb\u00e9m outros artigos sobre apostas\" class=\"wp-image-2512\"\/><\/figure>\n<\/div>\n\n\n<p class=\"https:\/\/apuestasclub.com\/ar\/como-apostar\/como-ganar-dinero-con-las-apuestas\/ alignnone\">&nbsp;<a href=\"https:\/\/apuestasclub.com\/ar\/como-apostar\/como-ganar-dinero-con-las-apuestas\/\" target=\"_blank\" rel=\"noopener\">C\u00f3mo ganar dinero con las apuestas<\/a><\/p>\n\n\n\n<p>\u00bfTe ha gustado este art\u00edculo? Si es as\u00ed y lo deseas puedes compartirlo en tus redes sociales. Esta es una gran manera para honrar nuestro trabajo, y nos motiva a seguir escribiendo art\u00edculos de calidad.<\/p>\n\n\n\n<p>Mantente conectado y sigue disfrutando de contenidos especializados y herramientas para convertirte en un mejor punter o trader.<\/p>\n\n\n\n<p><\/p>\n<\/div><\/div>\n\n\n\n<div style=\"height:100px\" aria-hidden=\"true\" class=\"wp-block-spacer\"><\/div>\n","protected":false},"excerpt":{"rendered":"","protected":false},"author":2,"featured_media":50439,"parent":0,"menu_order":0,"comment_status":"closed","ping_status":"closed","template":"","meta":{"inline_featured_image":false,"ep_exclude_from_search":false,"footnotes":""},"class_list":["post-1454","page","type-page","status-publish","has-post-thumbnail","hentry"],"yoast_head":"<!-- This site is optimized with the Yoast SEO plugin v27.0 - https:\/\/yoast.com\/product\/yoast-seo-wordpress\/ -->\n<title>Calculadora de Apuestas \u2022 Apuestas Club<\/title>\n<meta name=\"description\" content=\"Saiba o valor exato a se apostar com a nossa calculadora de apuestas. E n\u00e3o perca nenhum centavo ao aplicar o nosso sistema de apostas.\" \/>\n<meta name=\"robots\" content=\"index, follow, max-snippet:-1, max-image-preview:large, max-video-preview:-1\" \/>\n<link rel=\"canonical\" href=\"https:\/\/apuestasclub.com\/ar\/calculadora-de-apuestas\/\" \/>\n<meta property=\"og:locale\" content=\"es_AR\" \/>\n<meta property=\"og:type\" content=\"article\" \/>\n<meta property=\"og:title\" content=\"Clube da Aposta \u2022 Calculadora de apostas esportivas\" \/>\n<meta property=\"og:description\" content=\"Descubre el valor exacto a apostar para obtener las ganancias en cada mercado con nuestra calculadora de apuestas.\" \/>\n<meta property=\"og:url\" content=\"https:\/\/apuestasclub.com\/ar\/calculadora-de-apuestas\/\" \/>\n<meta property=\"og:site_name\" content=\"Apuestas Club Argentina\" \/>\n<meta property=\"article:modified_time\" content=\"2025-08-04T21:30:44+00:00\" \/>\n<meta property=\"og:image\" content=\"http:\/\/www.apuestasclub.com\/wp-content\/uploads\/sites\/9\/2012\/11\/calculadora.png\" \/>\n<meta name=\"twitter:card\" content=\"summary_large_image\" \/>\n<meta name=\"twitter:label1\" content=\"Tiempo de lectura\" \/>\n\t<meta name=\"twitter:data1\" content=\"3 minutos\" \/>\n<script type=\"application\/ld+json\" class=\"yoast-schema-graph\">{\"@context\":\"https:\/\/schema.org\",\"@graph\":[{\"@type\":\"WebPage\",\"@id\":\"https:\/\/apuestasclub.com\/ar\/calculadora-de-apuestas\/\",\"url\":\"https:\/\/apuestasclub.com\/ar\/calculadora-de-apuestas\/\",\"name\":\"Calculadora de Apuestas \u2022 Apuestas Club\",\"isPartOf\":{\"@id\":\"https:\/\/apuestasclub.com\/ar\/#website\"},\"primaryImageOfPage\":{\"@id\":\"https:\/\/apuestasclub.com\/ar\/calculadora-de-apuestas\/#primaryimage\"},\"image\":{\"@id\":\"https:\/\/apuestasclub.com\/ar\/calculadora-de-apuestas\/#primaryimage\"},\"thumbnailUrl\":\"https:\/\/apuestasclub.com\/ar\/wp-content\/uploads\/sites\/9\/2015\/09\/calculadora-apuestas.png\",\"datePublished\":\"2013-01-22T03:48:42+00:00\",\"dateModified\":\"2025-08-04T21:30:44+00:00\",\"description\":\"Saiba o valor exato a se apostar com a nossa calculadora de apuestas. E n\u00e3o perca nenhum centavo ao aplicar o nosso sistema de apostas.\",\"breadcrumb\":{\"@id\":\"https:\/\/apuestasclub.com\/ar\/calculadora-de-apuestas\/#breadcrumb\"},\"inLanguage\":\"es-AR\",\"potentialAction\":[{\"@type\":\"ReadAction\",\"target\":[\"https:\/\/apuestasclub.com\/ar\/calculadora-de-apuestas\/\"]}]},{\"@type\":\"ImageObject\",\"inLanguage\":\"es-AR\",\"@id\":\"https:\/\/apuestasclub.com\/ar\/calculadora-de-apuestas\/#primaryimage\",\"url\":\"https:\/\/apuestasclub.com\/ar\/wp-content\/uploads\/sites\/9\/2015\/09\/calculadora-apuestas.png\",\"contentUrl\":\"https:\/\/apuestasclub.com\/ar\/wp-content\/uploads\/sites\/9\/2015\/09\/calculadora-apuestas.png\",\"width\":764,\"height\":402,\"caption\":\"Calculadora de Apuestas\"},{\"@type\":\"BreadcrumbList\",\"@id\":\"https:\/\/apuestasclub.com\/ar\/calculadora-de-apuestas\/#breadcrumb\",\"itemListElement\":[{\"@type\":\"ListItem\",\"position\":1,\"name\":\"Portada\",\"item\":\"https:\/\/apuestasclub.com\/ar\/\"},{\"@type\":\"ListItem\",\"position\":2,\"name\":\"Calculadora de Apuestas\"}]},{\"@type\":\"WebSite\",\"@id\":\"https:\/\/apuestasclub.com\/ar\/#website\",\"url\":\"https:\/\/apuestasclub.com\/ar\/\",\"name\":\"Apuestas Club Argentina\",\"description\":\"Contenido educativo, an\u00e1lisis y estrategias responsables para apostadores en Argentina que buscan tomar decisiones informadas en el mundo de las apuestas deportivas.\",\"potentialAction\":[{\"@type\":\"SearchAction\",\"target\":{\"@type\":\"EntryPoint\",\"urlTemplate\":\"https:\/\/apuestasclub.com\/ar\/?s={search_term_string}\"},\"query-input\":{\"@type\":\"PropertyValueSpecification\",\"valueRequired\":true,\"valueName\":\"search_term_string\"}}],\"inLanguage\":\"es-AR\"}]}<\/script>\n<!-- \/ Yoast SEO plugin. -->","yoast_head_json":{"title":"Calculadora de Apuestas \u2022 Apuestas Club","description":"Saiba o valor exato a se apostar com a nossa calculadora de apuestas. E n\u00e3o perca nenhum centavo ao aplicar o nosso sistema de apostas.","robots":{"index":"index","follow":"follow","max-snippet":"max-snippet:-1","max-image-preview":"max-image-preview:large","max-video-preview":"max-video-preview:-1"},"canonical":"https:\/\/apuestasclub.com\/ar\/calculadora-de-apuestas\/","og_locale":"es_AR","og_type":"article","og_title":"Clube da Aposta \u2022 Calculadora de apostas esportivas","og_description":"Descubre el valor exacto a apostar para obtener las ganancias en cada mercado con nuestra calculadora de apuestas.","og_url":"https:\/\/apuestasclub.com\/ar\/calculadora-de-apuestas\/","og_site_name":"Apuestas Club Argentina","article_modified_time":"2025-08-04T21:30:44+00:00","og_image":[{"url":"http:\/\/www.apuestasclub.com\/wp-content\/uploads\/sites\/9\/2012\/11\/calculadora.png","type":"","width":"","height":""}],"twitter_card":"summary_large_image","twitter_misc":{"Tiempo de lectura":"3 minutos"},"schema":{"@context":"https:\/\/schema.org","@graph":[{"@type":"WebPage","@id":"https:\/\/apuestasclub.com\/ar\/calculadora-de-apuestas\/","url":"https:\/\/apuestasclub.com\/ar\/calculadora-de-apuestas\/","name":"Calculadora de Apuestas \u2022 Apuestas Club","isPartOf":{"@id":"https:\/\/apuestasclub.com\/ar\/#website"},"primaryImageOfPage":{"@id":"https:\/\/apuestasclub.com\/ar\/calculadora-de-apuestas\/#primaryimage"},"image":{"@id":"https:\/\/apuestasclub.com\/ar\/calculadora-de-apuestas\/#primaryimage"},"thumbnailUrl":"https:\/\/apuestasclub.com\/ar\/wp-content\/uploads\/sites\/9\/2015\/09\/calculadora-apuestas.png","datePublished":"2013-01-22T03:48:42+00:00","dateModified":"2025-08-04T21:30:44+00:00","description":"Saiba o valor exato a se apostar com a nossa calculadora de apuestas. E n\u00e3o perca nenhum centavo ao aplicar o nosso sistema de apostas.","breadcrumb":{"@id":"https:\/\/apuestasclub.com\/ar\/calculadora-de-apuestas\/#breadcrumb"},"inLanguage":"es-AR","potentialAction":[{"@type":"ReadAction","target":["https:\/\/apuestasclub.com\/ar\/calculadora-de-apuestas\/"]}]},{"@type":"ImageObject","inLanguage":"es-AR","@id":"https:\/\/apuestasclub.com\/ar\/calculadora-de-apuestas\/#primaryimage","url":"https:\/\/apuestasclub.com\/ar\/wp-content\/uploads\/sites\/9\/2015\/09\/calculadora-apuestas.png","contentUrl":"https:\/\/apuestasclub.com\/ar\/wp-content\/uploads\/sites\/9\/2015\/09\/calculadora-apuestas.png","width":764,"height":402,"caption":"Calculadora de Apuestas"},{"@type":"BreadcrumbList","@id":"https:\/\/apuestasclub.com\/ar\/calculadora-de-apuestas\/#breadcrumb","itemListElement":[{"@type":"ListItem","position":1,"name":"Portada","item":"https:\/\/apuestasclub.com\/ar\/"},{"@type":"ListItem","position":2,"name":"Calculadora de Apuestas"}]},{"@type":"WebSite","@id":"https:\/\/apuestasclub.com\/ar\/#website","url":"https:\/\/apuestasclub.com\/ar\/","name":"Apuestas Club Argentina","description":"Contenido educativo, an\u00e1lisis y estrategias responsables para apostadores en Argentina que buscan tomar decisiones informadas en el mundo de las apuestas deportivas.","potentialAction":[{"@type":"SearchAction","target":{"@type":"EntryPoint","urlTemplate":"https:\/\/apuestasclub.com\/ar\/?s={search_term_string}"},"query-input":{"@type":"PropertyValueSpecification","valueRequired":true,"valueName":"search_term_string"}}],"inLanguage":"es-AR"}]}},"_links":{"self":[{"href":"https:\/\/apuestasclub.com\/ar\/wp-json\/wp\/v2\/pages\/1454","targetHints":{"allow":["GET"]}}],"collection":[{"href":"https:\/\/apuestasclub.com\/ar\/wp-json\/wp\/v2\/pages"}],"about":[{"href":"https:\/\/apuestasclub.com\/ar\/wp-json\/wp\/v2\/types\/page"}],"author":[{"embeddable":true,"href":"https:\/\/apuestasclub.com\/ar\/wp-json\/wp\/v2\/users\/2"}],"replies":[{"embeddable":true,"href":"https:\/\/apuestasclub.com\/ar\/wp-json\/wp\/v2\/comments?post=1454"}],"version-history":[{"count":1,"href":"https:\/\/apuestasclub.com\/ar\/wp-json\/wp\/v2\/pages\/1454\/revisions"}],"predecessor-version":[{"id":906965,"href":"https:\/\/apuestasclub.com\/ar\/wp-json\/wp\/v2\/pages\/1454\/revisions\/906965"}],"wp:featuredmedia":[{"embeddable":true,"href":"https:\/\/apuestasclub.com\/ar\/wp-json\/wp\/v2\/media\/50439"}],"wp:attachment":[{"href":"https:\/\/apuestasclub.com\/ar\/wp-json\/wp\/v2\/media?parent=1454"}],"curies":[{"name":"wp","href":"https:\/\/api.w.org\/{rel}","templated":true}]}}