{"id":139458,"date":"2021-04-14T14:45:15","date_gmt":"2021-04-14T19:45:15","guid":{"rendered":"http:\/\/apuestasclub.com\/pe\/?page_id=139458"},"modified":"2025-12-01T16:26:13","modified_gmt":"2025-12-01T21:26:13","slug":"pronosticos-futbol-hoy","status":"publish","type":"page","link":"https:\/\/apuestasclub.com\/pe\/pronosticos-futbol-hoy\/","title":{"rendered":"Pron\u00f3sticos de f\u00fatbol para hoy"},"content":{"rendered":"\n<div class=\"ListPrognosticWrapper prognostics-wrapper\"><div class=\"CardPrognosticSection-title\"><h1>Quiero ver los pron\u00f3sticos deportivos de <strong class=\"\">Pron\u00f3sticos del dia<\/strong><\/h1> <input hidden id=\"postTypePrognosticBlock\" value=\"palpites\"\/><input hidden id=\"listSelectionPrognosticBlock\" value=\"2569\"\/><\/div><div class=\"CardPrognosticWrapper\"><div class=\"CardPrognosticSection\"><ul class='prognostics-filter-date__list' data-component='prognostics-filter-date'>\n\t\t\t<li class='prognostics-filter-date__list-item  all' data-element-filter-date data-filter-date='all'><span class='prognostics-filter-date__list-text'>TODO<\/span><\/li>\n\t\t\t<li class='prognostics-filter-date__list-item --is-active today' data-element-filter-date data-filter-date='today'><span class='prognostics-filter-date__list-text'>HOY<\/span><\/li>\n\t\t\t<li class='prognostics-filter-date__list-item  tomorrow' data-element-filter-date data-filter-date='tomorrow'><span class='prognostics-filter-date__list-text'>MA\u00d1ANA<\/span><\/li>\n\t\t<\/ul><section class=\"CardPrognosticSection-list\" promoText=\"\u00a1No te pierdas este pron\u00f3stico!\" viewText=\"Vea pron\u00f3stico completo\"><p class=\"list-no-results\">No se han encontrado resultados<\/p><\/section><\/div><a href=\"https:\/\/apuestasclub.com\/pe\/wp-json\/wp\/v2\/pages\/139458?pagina=2\" class=\"CardPrognosticWrapper-btn Btn Btn-lynch\" style=\"display:none;\">Ver m\u00e1s<\/a><\/div><aside>\n<section class=\"BookmakerCol\"><div class=\"BookmakerCol-header\"><p class=\"BookmakerCol-title\">Bonos especiales<\/p><p class=\"BookmakerCol-text\">Las mejores casas de apuestas<\/p><\/div><div class=\"BookmakerCol-list\"><div class=\"CardBookmaker\" data-id=\"137605\">\n                <div class=\"CardBookmaker-header\">\n                \t<span class=\"CardBookmaker-bg\"\n                \t\tstyle=\"background-image: url( https:\/\/apuestasclub.com\/pe\/wp-content\/uploads\/sites\/7\/2021\/04\/crie_sua_conta_na_bet365.png)\">\n\t\t\t\t\t<\/span><a href=\"https:\/\/link.apuestasclub.com\/bet365-peru\">\n\t\t\t\t\t\t<img decoding=\"async\" src=\"https:\/\/apuestasclub.com\/pe\/wp-content\/uploads\/sites\/7\/2021\/04\/bet365-logo.svg\"\n                        loading=\"lazy\"\n                        class=\"CardBookmaker-branding\"\n                        alt=\"Bet365\"\/>\n\t\t\t\t\t\t<\/a><span class=\"CardBookmaker-theme CardBookmaker-theme-slective\"><\/span>\n                <\/div>\n                <div class=\"CardBookmaker-content\">\n                    <span class=\"CardBookmaker-title\">Bet365<\/span>\n                    <div class=\"CardBookmaker-stars-link CardBookmaker-footer\">\n                        <a href=\"https:\/\/apuestasclub.com\/pe\/casas-de-apuestas\/bet365\/\" class=\"CardBookmaker-link\"\n                            title=\"Vea nuestro an\u00e1lisis Bet365\">\n                            Vea nuestro an\u00e1lisis\n                        <\/a>\n                        <div class=\"CardBookmaker-stars\"><div class=\"CardBookmaker-star\"><svg id=\"color\" enable-background=\"new 0 0 24 24\" size=\"20\" height=\"16\" width=\"20\"\n\t\t\t\tviewBox=\"0 0 24 24\" xmlns=\"http:\/\/www.w3.org\/2000\/svg\">\n\t\t\t\t<path d=\"m23.79 9.87-5.36 5.49 1.26 7.77c.111.62-.562 1.074-1.1.78l-6.59-3.65v-20.23c.28\n\t\t\t\t\t0 .56.13.68.4l3.31 7.05 7.37 1.12c.616.11.843.835.43 1.27z\" fill=\"#ffbb14\"\n\t\t\t\t\tstroke=\"#ffbb14\"\/>\n\t\t\t\t<path d=\"m12 .03v20.23l-6.59\n\t\t\t\t\t3.65c-.529.297-1.212-.153-1.1-.78l1.26-7.77-5.36-5.49c-.413-.435-.187-1.16.43-1.27l7.37-1.12\n\t\t\t\t\t3.31-7.05c.12-.27.4-.4.68-.4z\" fill=\"#ffbb14\" stroke=\"#ffbb14\"\/>\n\t\t\t<\/svg><\/div><div class=\"CardBookmaker-star\"><svg id=\"color\" enable-background=\"new 0 0 24 24\" size=\"20\" height=\"16\" width=\"20\"\n\t\t\t\tviewBox=\"0 0 24 24\" xmlns=\"http:\/\/www.w3.org\/2000\/svg\">\n\t\t\t\t<path d=\"m23.79 9.87-5.36 5.49 1.26 7.77c.111.62-.562 1.074-1.1.78l-6.59-3.65v-20.23c.28\n\t\t\t\t\t0 .56.13.68.4l3.31 7.05 7.37 1.12c.616.11.843.835.43 1.27z\" fill=\"#ffbb14\"\n\t\t\t\t\tstroke=\"#ffbb14\"\/>\n\t\t\t\t<path d=\"m12 .03v20.23l-6.59\n\t\t\t\t\t3.65c-.529.297-1.212-.153-1.1-.78l1.26-7.77-5.36-5.49c-.413-.435-.187-1.16.43-1.27l7.37-1.12\n\t\t\t\t\t3.31-7.05c.12-.27.4-.4.68-.4z\" fill=\"#ffbb14\" stroke=\"#ffbb14\"\/>\n\t\t\t<\/svg><\/div><div class=\"CardBookmaker-star\"><svg id=\"color\" enable-background=\"new 0 0 24 24\" size=\"20\" height=\"16\" width=\"20\"\n\t\t\t\tviewBox=\"0 0 24 24\" xmlns=\"http:\/\/www.w3.org\/2000\/svg\">\n\t\t\t\t<path d=\"m23.79 9.87-5.36 5.49 1.26 7.77c.111.62-.562 1.074-1.1.78l-6.59-3.65v-20.23c.28\n\t\t\t\t\t0 .56.13.68.4l3.31 7.05 7.37 1.12c.616.11.843.835.43 1.27z\" fill=\"#ffbb14\"\n\t\t\t\t\tstroke=\"#ffbb14\"\/>\n\t\t\t\t<path d=\"m12 .03v20.23l-6.59\n\t\t\t\t\t3.65c-.529.297-1.212-.153-1.1-.78l1.26-7.77-5.36-5.49c-.413-.435-.187-1.16.43-1.27l7.37-1.12\n\t\t\t\t\t3.31-7.05c.12-.27.4-.4.68-.4z\" fill=\"#ffbb14\" stroke=\"#ffbb14\"\/>\n\t\t\t<\/svg><\/div><div class=\"CardBookmaker-star\"><svg id=\"color\" enable-background=\"new 0 0 24 24\" size=\"20\" height=\"16\" width=\"20\"\n\t\t\t\tviewBox=\"0 0 24 24\" xmlns=\"http:\/\/www.w3.org\/2000\/svg\">\n\t\t\t\t<path d=\"m23.79 9.87-5.36 5.49 1.26 7.77c.111.62-.562 1.074-1.1.78l-6.59-3.65v-20.23c.28\n\t\t\t\t\t0 .56.13.68.4l3.31 7.05 7.37 1.12c.616.11.843.835.43 1.27z\" fill=\"#ffbb14\"\n\t\t\t\t\tstroke=\"#ffbb14\"\/>\n\t\t\t\t<path d=\"m12 .03v20.23l-6.59\n\t\t\t\t\t3.65c-.529.297-1.212-.153-1.1-.78l1.26-7.77-5.36-5.49c-.413-.435-.187-1.16.43-1.27l7.37-1.12\n\t\t\t\t\t3.31-7.05c.12-.27.4-.4.68-.4z\" fill=\"#ffbb14\" stroke=\"#ffbb14\"\/>\n\t\t\t<\/svg><\/div><div class=\"CardBookmaker-star\"><svg id=\"color\" enable-background=\"new 0 0 24 24\" size=\"20\" height=\"16\" width=\"20\"\n\t\t\t\tviewBox=\"0 0 24 24\" xmlns=\"http:\/\/www.w3.org\/2000\/svg\">\n\t\t\t\t<path d=\"m23.79 9.87-5.36 5.49 1.26 7.77c.111.62-.562 1.074-1.1.78l-6.59-3.65v-20.23c.28\n\t\t\t\t\t0 .56.13.68.4l3.31 7.05 7.37 1.12c.616.11.843.835.43 1.27z\" fill=\"#ffbb14\"\n\t\t\t\t\tstroke=\"#ffbb14\"\/>\n\t\t\t\t<path d=\"m12 .03v20.23l-6.59\n\t\t\t\t\t3.65c-.529.297-1.212-.153-1.1-.78l1.26-7.77-5.36-5.49c-.413-.435-.187-1.16.43-1.27l7.37-1.12\n\t\t\t\t\t3.31-7.05c.12-.27.4-.4.68-.4z\" fill=\"#ffbb14\" stroke=\"#ffbb14\"\/>\n\t\t\t<\/svg><\/div><\/div>\n            <\/div>\n            <div class=\"CardBookmaker-text\">\n                Bono hasta S\/500 - Leer los T&amp;C\n            <\/div>\n            <a href=\"https:\/\/link.apuestasclub.com\/bet365-peru\"\n                class=\"CardBookmaker-btn Btn Btn-small Btn-christi\"\n\t\t\t\ttarget=\"_blank\"\n                title=\"ACCEDER Bet365\">\n                ACCEDER\n            <\/a>\n        <\/div>\n    <\/div><div class=\"CardBookmaker\" data-id=\"801519\">\n                <div class=\"CardBookmaker-header\">\n                \t<span class=\"CardBookmaker-bg\"\n                \t\tstyle=\"background-image: url( https:\/\/apuestasclub.com\/pe\/wp-content\/uploads\/sites\/7\/2024\/09\/betano-fondo-1.png)\">\n\t\t\t\t\t<\/span><a href=\"https:\/\/link.apuestasclub.com\/betano-pe-blog?c=boton-apostar\">\n\t\t\t\t\t\t<img decoding=\"async\" src=\"https:\/\/apuestasclub.com\/pe\/wp-content\/uploads\/sites\/7\/2024\/09\/logo-betano.svg\"\n                        loading=\"lazy\"\n                        class=\"CardBookmaker-branding\"\n                        alt=\"Betano Per\u00fa\"\/>\n\t\t\t\t\t\t<\/a><span class=\"CardBookmaker-theme CardBookmaker-theme-slective\"><\/span>\n                <\/div>\n                <div class=\"CardBookmaker-content\">\n                    <span class=\"CardBookmaker-title\">Betano Per\u00fa<\/span>\n                    <div class=\"CardBookmaker-stars-link CardBookmaker-footer\">\n                        <a href=\"https:\/\/apuestasclub.com\/pe\/casas-de-apuestas\/betano-peru\/\" class=\"CardBookmaker-link\"\n                            title=\"\u00bfBetano es confiable? Betano Per\u00fa\">\n                            \u00bfBetano es confiable?\n                        <\/a>\n                        <div class=\"CardBookmaker-stars\"><div class=\"CardBookmaker-star\"><svg id=\"color\" enable-background=\"new 0 0 24 24\" size=\"20\" height=\"16\" width=\"20\"\n\t\t\t\tviewBox=\"0 0 24 24\" xmlns=\"http:\/\/www.w3.org\/2000\/svg\">\n\t\t\t\t<path d=\"m23.79 9.87-5.36 5.49 1.26 7.77c.111.62-.562 1.074-1.1.78l-6.59-3.65v-20.23c.28\n\t\t\t\t\t0 .56.13.68.4l3.31 7.05 7.37 1.12c.616.11.843.835.43 1.27z\" fill=\"#ffbb14\"\n\t\t\t\t\tstroke=\"#ffbb14\"\/>\n\t\t\t\t<path d=\"m12 .03v20.23l-6.59\n\t\t\t\t\t3.65c-.529.297-1.212-.153-1.1-.78l1.26-7.77-5.36-5.49c-.413-.435-.187-1.16.43-1.27l7.37-1.12\n\t\t\t\t\t3.31-7.05c.12-.27.4-.4.68-.4z\" fill=\"#ffbb14\" stroke=\"#ffbb14\"\/>\n\t\t\t<\/svg><\/div><div class=\"CardBookmaker-star\"><svg id=\"color\" enable-background=\"new 0 0 24 24\" size=\"20\" height=\"16\" width=\"20\"\n\t\t\t\tviewBox=\"0 0 24 24\" xmlns=\"http:\/\/www.w3.org\/2000\/svg\">\n\t\t\t\t<path d=\"m23.79 9.87-5.36 5.49 1.26 7.77c.111.62-.562 1.074-1.1.78l-6.59-3.65v-20.23c.28\n\t\t\t\t\t0 .56.13.68.4l3.31 7.05 7.37 1.12c.616.11.843.835.43 1.27z\" fill=\"#ffbb14\"\n\t\t\t\t\tstroke=\"#ffbb14\"\/>\n\t\t\t\t<path d=\"m12 .03v20.23l-6.59\n\t\t\t\t\t3.65c-.529.297-1.212-.153-1.1-.78l1.26-7.77-5.36-5.49c-.413-.435-.187-1.16.43-1.27l7.37-1.12\n\t\t\t\t\t3.31-7.05c.12-.27.4-.4.68-.4z\" fill=\"#ffbb14\" stroke=\"#ffbb14\"\/>\n\t\t\t<\/svg><\/div><div class=\"CardBookmaker-star\"><svg id=\"color\" enable-background=\"new 0 0 24 24\" size=\"20\" height=\"16\" width=\"20\"\n\t\t\t\tviewBox=\"0 0 24 24\" xmlns=\"http:\/\/www.w3.org\/2000\/svg\">\n\t\t\t\t<path d=\"m23.79 9.87-5.36 5.49 1.26 7.77c.111.62-.562 1.074-1.1.78l-6.59-3.65v-20.23c.28\n\t\t\t\t\t0 .56.13.68.4l3.31 7.05 7.37 1.12c.616.11.843.835.43 1.27z\" fill=\"#ffbb14\"\n\t\t\t\t\tstroke=\"#ffbb14\"\/>\n\t\t\t\t<path d=\"m12 .03v20.23l-6.59\n\t\t\t\t\t3.65c-.529.297-1.212-.153-1.1-.78l1.26-7.77-5.36-5.49c-.413-.435-.187-1.16.43-1.27l7.37-1.12\n\t\t\t\t\t3.31-7.05c.12-.27.4-.4.68-.4z\" fill=\"#ffbb14\" stroke=\"#ffbb14\"\/>\n\t\t\t<\/svg><\/div><div class=\"CardBookmaker-star\"><svg id=\"color\" enable-background=\"new 0 0 24 24\" size=\"20\" height=\"16\" width=\"20\"\n\t\t\t\tviewBox=\"0 0 24 24\" xmlns=\"http:\/\/www.w3.org\/2000\/svg\">\n\t\t\t\t<path d=\"m23.79 9.87-5.36 5.49 1.26 7.77c.111.62-.562 1.074-1.1.78l-6.59-3.65v-20.23c.28\n\t\t\t\t\t0 .56.13.68.4l3.31 7.05 7.37 1.12c.616.11.843.835.43 1.27z\" fill=\"#ffbb14\"\n\t\t\t\t\tstroke=\"#ffbb14\"\/>\n\t\t\t\t<path d=\"m12 .03v20.23l-6.59\n\t\t\t\t\t3.65c-.529.297-1.212-.153-1.1-.78l1.26-7.77-5.36-5.49c-.413-.435-.187-1.16.43-1.27l7.37-1.12\n\t\t\t\t\t3.31-7.05c.12-.27.4-.4.68-.4z\" fill=\"#ffbb14\" stroke=\"#ffbb14\"\/>\n\t\t\t<\/svg><\/div><div class=\"CardBookmaker-star\"><svg id=\"color\" enable-background=\"new 0 0 24 24\" size=\"20\" height=\"16\" width=\"20\"\n\t\t\t\tviewBox=\"0 0 24 24\" xmlns=\"http:\/\/www.w3.org\/2000\/svg\">\n\t\t\t\t<path d=\"m23.79 9.87-5.36 5.49 1.26 7.77c.111.62-.562 1.074-1.1.78l-6.59-3.65v-20.23c.28\n\t\t\t\t\t0 .56.13.68.4l3.31 7.05 7.37 1.12c.616.11.843.835.43 1.27z\" fill=\"#5b4517\"\n\t\t\t\t\tstroke=\"#5b4517\"\/>\n\t\t\t\t<path d=\"m12 .03v20.23l-6.59\n\t\t\t\t\t3.65c-.529.297-1.212-.153-1.1-.78l1.26-7.77-5.36-5.49c-.413-.435-.187-1.16.43-1.27l7.37-1.12\n\t\t\t\t\t3.31-7.05c.12-.27.4-.4.68-.4z\" fill=\"#ffbb14\" stroke=\"#ffbb14\"\/>\n\t\t\t<\/svg><\/div><\/div>\n            <\/div>\n            <div class=\"CardBookmaker-text\">\n                Apuesta gratis de S\/80 con tu primer dep\u00f3sito\n            <\/div>\n            <a href=\"https:\/\/link.apuestasclub.com\/betano-pe-blog?c=boton-apostar\"\n                class=\"CardBookmaker-btn Btn Btn-small Btn-christi\"\n\t\t\t\ttarget=\"_blank\"\n                title=\"ACCEDER Betano Per\u00fa\">\n                ACCEDER\n            <\/a>\n        <\/div>\n    <\/div><\/div><\/section>\n<\/aside><\/div>\n\n\n\n<div style=\"height:50px\" aria-hidden=\"true\" class=\"wp-block-spacer\"><\/div>\n\n\n\n<section class=\"container\"><div class=\"Alert container-small Alert-eastern Alert-type-1\" style=\"background-image:url(https:\/\/apuestasclub.com\/pe\/wp-content\/uploads\/sites\/7\/2021\/03\/telegram-captura-fundo.png)\"><div class=\"Alert-header\"><img decoding=\"async\" class=\"Alert-icon\" src=\"https:\/\/apuestasclub.com\/pe\/wp-content\/uploads\/sites\/7\/2021\/03\/telegram-logo.png\" alt=\"telegram-logo\" width=\"236\" height=\"236\"\/><p class=\"Alert-title\">Recibe gratis, todos los d\u00edas, los mejores pron\u00f3sticos de nuestros profesionales.<\/p><p class=\"Alert-text\">\u00danete hoy mismo al grupo de tips de Apuestas Club en tu Telegram, <strong>\u00a1es gratis!<\/strong><\/p><\/div><a class=\"Alert-btn Btn Btn-christi\" href=\"https:\/\/t.me\/clubdeportivos\" title=\"Acceder sin costo\"><div>Acceder sin costo<\/div><\/a><\/div><\/section>\n\n\n\n<section class=\"FooterBlog\" style=\"background-image:url(https:\/\/apuestasclub.com\/pe\/wp-content\/uploads\/sites\/7\/2021\/03\/textura-fundo.png)\"><div class=\"FooterBlog-container container container-small\"><img decoding=\"async\" class=\"FooterBlog-image\" src=\"https:\/\/apuestasclub.com\/pe\/wp-content\/uploads\/sites\/7\/2021\/03\/imagem-prognosticos.png\" alt=\"imagem-prognosticos\" width=\"671\" height=\"518\"\/><div class=\"FooterBlog-content\"><h2 class=\"FooterBlog-title\">Los mejores pron\u00f3sticos de f\u00fatbol para hoy<\/h2><div class=\"FooterBlog-text\">Aqu\u00ed tienes nuestros\u00a0<strong>pron\u00f3sticos y predicciones de f\u00fatbol para hoy<\/strong>, a trav\u00e9s del an\u00e1lisis de los expertos en Apuestas Club. Antes de ver las apuestas de hoy, para apostar junto a nosotros necesitas una buena casa de apuestas, y aqu\u00ed separamos las mejores para ti.<\/div><\/div><\/div><\/section>\n","protected":false},"excerpt":{"rendered":"","protected":false},"author":23721,"featured_media":0,"parent":0,"menu_order":0,"comment_status":"closed","ping_status":"closed","template":"","meta":{"inline_featured_image":false,"ep_exclude_from_search":false,"footnotes":""},"class_list":["post-139458","page","type-page","status-publish","hentry"],"yoast_head":"<!-- This site is optimized with the Yoast SEO plugin v27.0 - https:\/\/yoast.com\/product\/yoast-seo-wordpress\/ -->\n<title>Pron\u00f3sticos de f\u00fatbol para hoy - Apuestas Club Per\u00fa<\/title>\n<meta name=\"robots\" content=\"index, follow, max-snippet:-1, max-image-preview:large, max-video-preview:-1\" \/>\n<link rel=\"canonical\" href=\"https:\/\/apuestasclub.com\/pe\/pronosticos-futbol-hoy\/\" \/>\n<meta property=\"og:locale\" content=\"es_PE\" \/>\n<meta property=\"og:type\" content=\"article\" \/>\n<meta property=\"og:title\" content=\"Pron\u00f3sticos de f\u00fatbol para hoy - Apuestas Club Per\u00fa\" \/>\n<meta property=\"og:url\" content=\"https:\/\/apuestasclub.com\/pe\/pronosticos-futbol-hoy\/\" \/>\n<meta property=\"og:site_name\" content=\"Apuestas Club Per\u00fa\" \/>\n<meta property=\"article:modified_time\" content=\"2025-12-01T21:26:13+00:00\" \/>\n<meta property=\"og:image\" content=\"https:\/\/apuestasclub.com\/pe\/wp-content\/uploads\/sites\/7\/2021\/03\/telegram-logo.png\" \/>\n<meta name=\"twitter:card\" content=\"summary_large_image\" \/>\n<meta name=\"twitter:label1\" content=\"Est. reading time\" \/>\n\t<meta name=\"twitter:data1\" content=\"2 minutos\" \/>\n<script type=\"application\/ld+json\" class=\"yoast-schema-graph\">{\"@context\":\"https:\/\/schema.org\",\"@graph\":[{\"@type\":\"WebPage\",\"@id\":\"https:\/\/apuestasclub.com\/pe\/pronosticos-futbol-hoy\/\",\"url\":\"https:\/\/apuestasclub.com\/pe\/pronosticos-futbol-hoy\/\",\"name\":\"Pron\u00f3sticos de f\u00fatbol para hoy - Apuestas Club Per\u00fa\",\"isPartOf\":{\"@id\":\"https:\/\/apuestasclub.com\/pe\/#website\"},\"primaryImageOfPage\":{\"@id\":\"https:\/\/apuestasclub.com\/pe\/pronosticos-futbol-hoy\/#primaryimage\"},\"image\":{\"@id\":\"https:\/\/apuestasclub.com\/pe\/pronosticos-futbol-hoy\/#primaryimage\"},\"thumbnailUrl\":\"https:\/\/apuestasclub.com\/pe\/wp-content\/uploads\/sites\/7\/2021\/03\/telegram-logo.png\",\"datePublished\":\"2021-04-14T19:45:15+00:00\",\"dateModified\":\"2025-12-01T21:26:13+00:00\",\"breadcrumb\":{\"@id\":\"https:\/\/apuestasclub.com\/pe\/pronosticos-futbol-hoy\/#breadcrumb\"},\"inLanguage\":\"es-PE\",\"potentialAction\":[{\"@type\":\"ReadAction\",\"target\":[\"https:\/\/apuestasclub.com\/pe\/pronosticos-futbol-hoy\/\"]}]},{\"@type\":\"ImageObject\",\"inLanguage\":\"es-PE\",\"@id\":\"https:\/\/apuestasclub.com\/pe\/pronosticos-futbol-hoy\/#primaryimage\",\"url\":\"https:\/\/apuestasclub.com\/pe\/wp-content\/uploads\/sites\/7\/2021\/03\/telegram-logo.png\",\"contentUrl\":\"https:\/\/apuestasclub.com\/pe\/wp-content\/uploads\/sites\/7\/2021\/03\/telegram-logo.png\",\"width\":236,\"height\":236},{\"@type\":\"BreadcrumbList\",\"@id\":\"https:\/\/apuestasclub.com\/pe\/pronosticos-futbol-hoy\/#breadcrumb\",\"itemListElement\":[{\"@type\":\"ListItem\",\"position\":1,\"name\":\"Portada\",\"item\":\"https:\/\/apuestasclub.com\/pe\/\"},{\"@type\":\"ListItem\",\"position\":2,\"name\":\"Pron\u00f3sticos de f\u00fatbol para hoy\"}]},{\"@type\":\"WebSite\",\"@id\":\"https:\/\/apuestasclub.com\/pe\/#website\",\"url\":\"https:\/\/apuestasclub.com\/pe\/\",\"name\":\"Apuestas Club Per\u00fa\",\"description\":\"Contenido educativo, an\u00e1lisis y estrategias responsables para apostadores en Per\u00fa que buscan tomar decisiones informadas en el mundo de las apuestas deportivas.\",\"potentialAction\":[{\"@type\":\"SearchAction\",\"target\":{\"@type\":\"EntryPoint\",\"urlTemplate\":\"https:\/\/apuestasclub.com\/pe\/?s={search_term_string}\"},\"query-input\":{\"@type\":\"PropertyValueSpecification\",\"valueRequired\":true,\"valueName\":\"search_term_string\"}}],\"inLanguage\":\"es-PE\"}]}<\/script>\n<!-- \/ Yoast SEO plugin. -->","yoast_head_json":{"title":"Pron\u00f3sticos de f\u00fatbol para hoy - Apuestas Club Per\u00fa","robots":{"index":"index","follow":"follow","max-snippet":"max-snippet:-1","max-image-preview":"max-image-preview:large","max-video-preview":"max-video-preview:-1"},"canonical":"https:\/\/apuestasclub.com\/pe\/pronosticos-futbol-hoy\/","og_locale":"es_PE","og_type":"article","og_title":"Pron\u00f3sticos de f\u00fatbol para hoy - Apuestas Club Per\u00fa","og_url":"https:\/\/apuestasclub.com\/pe\/pronosticos-futbol-hoy\/","og_site_name":"Apuestas Club Per\u00fa","article_modified_time":"2025-12-01T21:26:13+00:00","og_image":[{"url":"https:\/\/apuestasclub.com\/pe\/wp-content\/uploads\/sites\/7\/2021\/03\/telegram-logo.png","type":"","width":"","height":""}],"twitter_card":"summary_large_image","twitter_misc":{"Est. reading time":"2 minutos"},"schema":{"@context":"https:\/\/schema.org","@graph":[{"@type":"WebPage","@id":"https:\/\/apuestasclub.com\/pe\/pronosticos-futbol-hoy\/","url":"https:\/\/apuestasclub.com\/pe\/pronosticos-futbol-hoy\/","name":"Pron\u00f3sticos de f\u00fatbol para hoy - Apuestas Club Per\u00fa","isPartOf":{"@id":"https:\/\/apuestasclub.com\/pe\/#website"},"primaryImageOfPage":{"@id":"https:\/\/apuestasclub.com\/pe\/pronosticos-futbol-hoy\/#primaryimage"},"image":{"@id":"https:\/\/apuestasclub.com\/pe\/pronosticos-futbol-hoy\/#primaryimage"},"thumbnailUrl":"https:\/\/apuestasclub.com\/pe\/wp-content\/uploads\/sites\/7\/2021\/03\/telegram-logo.png","datePublished":"2021-04-14T19:45:15+00:00","dateModified":"2025-12-01T21:26:13+00:00","breadcrumb":{"@id":"https:\/\/apuestasclub.com\/pe\/pronosticos-futbol-hoy\/#breadcrumb"},"inLanguage":"es-PE","potentialAction":[{"@type":"ReadAction","target":["https:\/\/apuestasclub.com\/pe\/pronosticos-futbol-hoy\/"]}]},{"@type":"ImageObject","inLanguage":"es-PE","@id":"https:\/\/apuestasclub.com\/pe\/pronosticos-futbol-hoy\/#primaryimage","url":"https:\/\/apuestasclub.com\/pe\/wp-content\/uploads\/sites\/7\/2021\/03\/telegram-logo.png","contentUrl":"https:\/\/apuestasclub.com\/pe\/wp-content\/uploads\/sites\/7\/2021\/03\/telegram-logo.png","width":236,"height":236},{"@type":"BreadcrumbList","@id":"https:\/\/apuestasclub.com\/pe\/pronosticos-futbol-hoy\/#breadcrumb","itemListElement":[{"@type":"ListItem","position":1,"name":"Portada","item":"https:\/\/apuestasclub.com\/pe\/"},{"@type":"ListItem","position":2,"name":"Pron\u00f3sticos de f\u00fatbol para hoy"}]},{"@type":"WebSite","@id":"https:\/\/apuestasclub.com\/pe\/#website","url":"https:\/\/apuestasclub.com\/pe\/","name":"Apuestas Club Per\u00fa","description":"Contenido educativo, an\u00e1lisis y estrategias responsables para apostadores en Per\u00fa que buscan tomar decisiones informadas en el mundo de las apuestas deportivas.","potentialAction":[{"@type":"SearchAction","target":{"@type":"EntryPoint","urlTemplate":"https:\/\/apuestasclub.com\/pe\/?s={search_term_string}"},"query-input":{"@type":"PropertyValueSpecification","valueRequired":true,"valueName":"search_term_string"}}],"inLanguage":"es-PE"}]}},"_links":{"self":[{"href":"https:\/\/apuestasclub.com\/pe\/wp-json\/wp\/v2\/pages\/139458","targetHints":{"allow":["GET"]}}],"collection":[{"href":"https:\/\/apuestasclub.com\/pe\/wp-json\/wp\/v2\/pages"}],"about":[{"href":"https:\/\/apuestasclub.com\/pe\/wp-json\/wp\/v2\/types\/page"}],"author":[{"embeddable":true,"href":"https:\/\/apuestasclub.com\/pe\/wp-json\/wp\/v2\/users\/23721"}],"replies":[{"embeddable":true,"href":"https:\/\/apuestasclub.com\/pe\/wp-json\/wp\/v2\/comments?post=139458"}],"version-history":[{"count":1,"href":"https:\/\/apuestasclub.com\/pe\/wp-json\/wp\/v2\/pages\/139458\/revisions"}],"predecessor-version":[{"id":952930,"href":"https:\/\/apuestasclub.com\/pe\/wp-json\/wp\/v2\/pages\/139458\/revisions\/952930"}],"wp:attachment":[{"href":"https:\/\/apuestasclub.com\/pe\/wp-json\/wp\/v2\/media?parent=139458"}],"curies":[{"name":"wp","href":"https:\/\/api.w.org\/{rel}","templated":true}]}}