{"id":1454,"date":"2013-01-22T03:48:42","date_gmt":"2013-01-22T03:48:42","guid":{"rendered":"http:\/\/www.clubedaposta.com\/novo-site\/?page_id=1454"},"modified":"2026-01-15T14:22:41","modified_gmt":"2026-01-15T19:22:41","slug":"calculadora-de-apuestas","status":"publish","type":"page","link":"https:\/\/apuestasclub.com\/pe\/calculadora-de-apuestas\/","title":{"rendered":"Calculadora de Apuestas"},"content":{"rendered":"\n<section class=\"HeroBlog\"><style type=\"text\/css\">.HeroBlog{--hero-bg: url(https:\/\/apuestasclub.com\/pe\/wp-content\/uploads\/sites\/7\/2021\/03\/capa-blog.png);}<\/style><div class=\"container container-small\"><h1 class=\"HeroBlog-title\">Calculadora de Apuestas<\/h1><\/div><div class=\"HeroBlog-background\"><\/div><\/section>\n\n\n\n<div style=\"height:28px\" aria-hidden=\"true\" class=\"wp-block-spacer\"><\/div>\n\n\n\n<div class=\"container pages\"><div class=\"TheContent\">\n<div style=\"height:100px\" aria-hidden=\"true\" class=\"wp-block-spacer\"><\/div>\n\n\n\n<div style=\"height:100px\" aria-hidden=\"true\" class=\"wp-block-spacer\"><\/div>\n\n\n\n<div style=\"width: 100%; margin: 0 auto;\">\n    <iframe loading=\"lazy\" \n      src=\"https:\/\/apuestasclub.com\/pe\/wp-content\/uploads\/sites\/7\/2025\/12\/calculadora-de-apuestas.html\" \n      width=\"100%\" \n      height=\"1100\" \n      scrolling=\"no\" \n      style=\"border: none; overflow: hidden; width: 100%; max-height: none !important; min-height: 1100px !important;\"\n      title=\"Calculadora de Apuestas\"\n    >\n    <\/iframe>\n<\/div>\n<\/div><\/div>\n\n\n\n<div class=\"container\">\n<div class=\"wp-block-column is-layout-flow wp-block-column-is-layout-flow\"><\/div>\n<\/div>\n\n\n\n<div class=\"container pages\"><div class=\"TheContent\">\n<div class=\"Summary\"><div class=\"Summary-title\">Lista de contenidos<\/div><div class=\"Summary-content\"><\/div><\/div>\n\n\n\n<h2 class=\"wp-block-heading\">\u00bfC\u00f3mo usar la calculadora de apuestas?<\/h2>\n\n\n\n<p>Utilizar nuestra herramienta es un proceso pr\u00e1ctico e intuitivo. El aspecto m\u00e1s importante es <strong>asegurarse de ingresar los datos correctos<\/strong> en cada campo; a partir de ah\u00ed, el sistema realiza el trabajo pesado de forma instant\u00e1nea. Esto te proporciona la precisi\u00f3n necesaria para apostar con tranquilidad y ejecutar cualquier estrategia de manera eficiente.<\/p>\n\n\n\n<h3 class=\"wp-block-heading\">Gu\u00eda para la secci\u00f3n: Calculadora de Ganancias<\/h3>\n\n\n\n<figure class=\"wp-block-image size-full is-style-rounded\"><img decoding=\"async\" width=\"819\" height=\"820\" src=\"https:\/\/apuestasclub.com\/pe\/wp-content\/uploads\/sites\/7\/2025\/12\/image.png\" alt=\"C\u00e1lculadora de ganancias\" class=\"wp-image-958894\" srcset=\"https:\/\/apuestasclub.com\/pe\/wp-content\/uploads\/sites\/7\/2025\/12\/image.png 819w, https:\/\/apuestasclub.com\/pe\/wp-content\/uploads\/sites\/7\/2025\/12\/image-300x300.png 300w, https:\/\/apuestasclub.com\/pe\/wp-content\/uploads\/sites\/7\/2025\/12\/image-150x150.png 150w, https:\/\/apuestasclub.com\/pe\/wp-content\/uploads\/sites\/7\/2025\/12\/image-768x769.png 768w, https:\/\/apuestasclub.com\/pe\/wp-content\/uploads\/sites\/7\/2025\/12\/image-107x107.png 107w, https:\/\/apuestasclub.com\/pe\/wp-content\/uploads\/sites\/7\/2025\/12\/image-294x294.png 294w\" sizes=\"(max-width: 819px) 100vw, 819px\" \/><\/figure>\n\n\n\n<p>Esta funci\u00f3n es ideal para proyecciones r\u00e1pidas de tus jugadas:<\/p>\n\n\n\n<ol class=\"wp-block-list\">\n<li><strong>Apuestas Combinadas:<\/strong> Si deseas simular un parlay, selecciona el bot\u00f3n <strong>\u00abA\u00f1adir selecci\u00f3n\u00bb<\/strong> para agregar tantos eventos como necesites.<\/li>\n\n\n\n<li><strong>Importe de la apuesta:<\/strong> Ingresa el valor total que deseas arriesgar.<\/li>\n\n\n\n<li><strong>Cuotas:<\/strong> Completa este campo con la cotizaci\u00f3n ofrecida por la casa de apuestas.<\/li>\n\n\n\n<li><strong>Resultados:<\/strong> Autom\u00e1ticamente, ver\u00e1s el <strong>retorno total<\/strong> (lo que cobrar\u00edas) y la <strong>ganancia neta<\/strong> (tu beneficio real tras descontar la inversi\u00f3n).<\/li>\n<\/ol>\n\n\n\n<h3 class=\"wp-block-heading\">C\u00f3mo medir tu rendimiento con la calculadora de apuestas &#8211; Seccion Yield<\/h3>\n\n\n\n<figure class=\"wp-block-image size-full is-style-rounded\"><img decoding=\"async\" width=\"816\" height=\"811\" src=\"https:\/\/apuestasclub.com\/pe\/wp-content\/uploads\/sites\/7\/2025\/12\/image-1.png\" alt=\"Calculadora de apuestas - Modo para calculo de ROI o Yield\" class=\"wp-image-958896\" style=\"object-fit:cover\" srcset=\"https:\/\/apuestasclub.com\/pe\/wp-content\/uploads\/sites\/7\/2025\/12\/image-1.png 816w, https:\/\/apuestasclub.com\/pe\/wp-content\/uploads\/sites\/7\/2025\/12\/image-1-300x298.png 300w, https:\/\/apuestasclub.com\/pe\/wp-content\/uploads\/sites\/7\/2025\/12\/image-1-150x150.png 150w, https:\/\/apuestasclub.com\/pe\/wp-content\/uploads\/sites\/7\/2025\/12\/image-1-768x763.png 768w, https:\/\/apuestasclub.com\/pe\/wp-content\/uploads\/sites\/7\/2025\/12\/image-1-108x107.png 108w, https:\/\/apuestasclub.com\/pe\/wp-content\/uploads\/sites\/7\/2025\/12\/image-1-296x294.png 296w\" sizes=\"(max-width: 816px) 100vw, 816px\" \/><\/figure>\n\n\n\n<p>El <strong>Yield<\/strong> es el indicador m\u00e1s importante para cualquier apostador profesional, ya que mide la rentabilidad en relaci\u00f3n al capital invertido. Para obtenerlo:<\/p>\n\n\n\n<ul class=\"wp-block-list\">\n<li><strong>Resultado:<\/strong> La herramienta te mostrar\u00e1 el porcentaje de ROI (Retorno sobre la Inversi\u00f3n) o Yield, permiti\u00e9ndote saber si tu estrategia es sostenible a largo plazo.<\/li>\n\n\n\n<li>Ingresa tu <strong>Capital Inicial<\/strong> y tu <strong>Capital Final<\/strong>.<\/li>\n\n\n\n<li>Indica el <strong>N\u00famero de apuestas<\/strong> realizadas y tu <strong>Stake promedio<\/strong> (monto habitual por apuesta).<\/li>\n<\/ul>\n\n\n\n<h2 class=\"wp-block-heading\">Calculadora de Arbitraje: Identifica apuestas sin riesgo (Surebets)<\/h2>\n\n\n\n<figure class=\"wp-block-image size-full is-style-rounded\"><img decoding=\"async\" width=\"770\" height=\"901\" src=\"https:\/\/apuestasclub.com\/pe\/wp-content\/uploads\/sites\/7\/2025\/12\/image-2.png\" alt=\"Calculadora de apuestas, modo para calculo de arbitraje\" class=\"wp-image-958897\" srcset=\"https:\/\/apuestasclub.com\/pe\/wp-content\/uploads\/sites\/7\/2025\/12\/image-2.png 770w, https:\/\/apuestasclub.com\/pe\/wp-content\/uploads\/sites\/7\/2025\/12\/image-2-256x300.png 256w, https:\/\/apuestasclub.com\/pe\/wp-content\/uploads\/sites\/7\/2025\/12\/image-2-768x899.png 768w, https:\/\/apuestasclub.com\/pe\/wp-content\/uploads\/sites\/7\/2025\/12\/image-2-91x107.png 91w, https:\/\/apuestasclub.com\/pe\/wp-content\/uploads\/sites\/7\/2025\/12\/image-2-251x294.png 251w\" sizes=\"(max-width: 770px) 100vw, 770px\" \/><\/figure>\n\n\n\n<p>Si tu objetivo es aprovechar las discrepancias entre diferentes casas de apuestas, la <strong>calculadora de arbitraje<\/strong> es fundamental. Esta herramienta te permite <a href=\"https:\/\/apuestasclub.com\/pe\/blog-apuestas\/surebet\/\">identificar <strong>Surebets<\/strong><\/a> siguiendo estos pasos:<\/p>\n\n\n\n<ol class=\"wp-block-list\">\n<li><strong>An\u00e1lisis:<\/strong> La calculadora te indicar\u00e1 inmediatamente si existe una oportunidad de arbitraje y, de ser as\u00ed, cu\u00e1nto debes apostar a cada resultado para garantizar una ganancia, sin importar lo que ocurra en el partido.<\/li>\n\n\n\n<li>Introduce la <strong>Inversi\u00f3n total<\/strong> que planeas distribuir.<\/li>\n\n\n\n<li>Ingresa las <strong>cuotas<\/strong> de todas las opciones disponibles para un mismo evento.<\/li>\n<\/ol>\n\n\n\n<h2 class=\"wp-block-heading\">Calculadora de Dutching: Cubre varios resultados con \u00e9xito<\/h2>\n\n\n\n<figure class=\"wp-block-image size-full\"><img decoding=\"async\" width=\"790\" height=\"906\" src=\"https:\/\/apuestasclub.com\/pe\/wp-content\/uploads\/sites\/7\/2025\/12\/image-3.png\" alt=\"\" class=\"wp-image-959032\" srcset=\"https:\/\/apuestasclub.com\/pe\/wp-content\/uploads\/sites\/7\/2025\/12\/image-3.png 790w, https:\/\/apuestasclub.com\/pe\/wp-content\/uploads\/sites\/7\/2025\/12\/image-3-262x300.png 262w, https:\/\/apuestasclub.com\/pe\/wp-content\/uploads\/sites\/7\/2025\/12\/image-3-768x881.png 768w, https:\/\/apuestasclub.com\/pe\/wp-content\/uploads\/sites\/7\/2025\/12\/image-3-93x107.png 93w, https:\/\/apuestasclub.com\/pe\/wp-content\/uploads\/sites\/7\/2025\/12\/image-3-256x294.png 256w\" sizes=\"(max-width: 790px) 100vw, 790px\" \/><\/figure>\n\n\n\n<p>El <strong>Dutching<\/strong> es una estrategia avanzada que consiste en repartir tu inversi\u00f3n entre varias selecciones dentro de un mismo <strong>evento<\/strong>, de modo que obtengas el mismo beneficio sin importar cu\u00e1l de ellas resulte ganadora.<\/p>\n\n\n\n<h3 class=\"wp-block-heading\">C\u00f3mo utilizar la herramienta de Dutching:<\/h3>\n\n\n\n<ol start=\"1\" class=\"wp-block-list\">\n<li><strong>Inversi\u00f3n total:<\/strong> Introduce el monto <strong>total<\/strong> que est\u00e1s dispuesto a distribuir entre tus apuestas.<\/li>\n\n\n\n<li><strong>Cuotas:<\/strong> Agrega las <strong>cuotas de apuestas<\/strong> de cada una de las opciones que deseas cubrir.<\/li>\n\n\n\n<li><strong>C\u00e1lculo autom\u00e1tico:<\/strong> La herramienta te indicar\u00e1 con precisi\u00f3n cu\u00e1nto dinero debes <strong>apostar<\/strong> a cada opci\u00f3n para que tu <strong>ganancia<\/strong> final sea id\u00e9ntica en cualquier escenario positivo.<\/li>\n<\/ol>\n\n\n\n<blockquote class=\"wp-block-quote is-layout-flow wp-block-quote-is-layout-flow\">\n<p><strong>Tip Profesional:<\/strong> Utiliza el Dutching en mercados con muchos competidores. Por ejemplo, si en la Copa del Mundo crees que el campe\u00f3n ser\u00e1 Brasil o Francia, la <strong>calculadora<\/strong> te dir\u00e1 c\u00f3mo dividir tu dinero entre ambos para asegurar tu beneficio si cualquiera de los dos levanta el trofeo.<\/p>\n<\/blockquote>\n\n\n\n<h3 class=\"wp-block-heading\">\u00bfTe ha resultado \u00fatil esta gu\u00eda?<\/h3>\n\n\n\n<p>Si este contenido te ha ayudado a entender mejor c\u00f3mo <strong>calcular tus ganancias<\/strong>, te invitamos a compartirlo en tus redes sociales. Tu apoyo nos motiva a seguir creando herramientas y gu\u00edas de alta calidad para la comunidad.<\/p>\n\n\n\n<h2 class=\"wp-block-heading\">Preguntas frecuentes sobre la Calculadora de Apuestas<\/h2>\n\n\n\n<div class=\"Faq-item\" itemscope itemprop=\"mainEntity\" itemtype=\"https:\/\/schema.org\/Question\"><div class=\"Faq-header\"><h3 class=\"Faq-title\" itemprop=\"name\">\u00bfEs totalmente gratuito utilizar este simulador?<\/h3><span class=\"Faq-icon\"><\/span><\/div><div itemscope itemprop=\"acceptedAnswer\" itemtype=\"https:\/\/schema.org\/Answer\"><div class=\"Faq-content\" itemprop=\"text\"><p>S\u00ed, nuestra <strong>calculadora de cuotas<\/strong> es de acceso libre y gratuito. Puedes realizar todas las simulaciones que necesites antes de ir a tu<a href=\"https:\/\/apuestasclub.com\/pe\/casas-de-apuestas\/\"> <strong>casa de apuestas<\/strong><\/a> preferida.<\/p><\/div><\/div><\/div><div class=\"Faq-item\" itemscope itemprop=\"mainEntity\" itemtype=\"https:\/\/schema.org\/Question\"><div class=\"Faq-header\"><h3 class=\"Faq-title\" itemprop=\"name\">\u00bfQu\u00e9 tan precisos son los c\u00e1lculos de Yield?<\/h3><span class=\"Faq-icon\"><\/span><\/div><div itemscope itemprop=\"acceptedAnswer\" itemtype=\"https:\/\/schema.org\/Answer\"><div class=\"Faq-content\" itemprop=\"text\"><p>Son 100% precisos bas\u00e1ndose en los datos que ingreses. Recuerda que el Yield es el mejor term\u00f3metro para saber si eres un apostador rentable a largo plazo o si necesitas ajustar tu estrategia.<\/p><\/div><\/div><\/div><div class=\"Faq-item\" itemscope itemprop=\"mainEntity\" itemtype=\"https:\/\/schema.org\/Question\"><div class=\"Faq-header\"><h3 class=\"Faq-title\" itemprop=\"name\">\u00bfC\u00f3mo se calculan las apuestas?<\/h3><span class=\"Faq-icon\"><\/span><\/div><div itemscope itemprop=\"acceptedAnswer\" itemtype=\"https:\/\/schema.org\/Answer\"><div class=\"Faq-content\" itemprop=\"text\"><p>El c\u00e1lculo b\u00e1sico de cualquier apuesta se realiza multiplicando la cantidad de dinero que decides jugar (conocida como stake) por la cuota o momio ofrecido para ese evento. Este resultado representa el dinero total que recibir\u00e1s si tu pron\u00f3stico es acertado.<\/p><\/div><\/div><\/div><div class=\"Faq-item\" itemscope itemprop=\"mainEntity\" itemtype=\"https:\/\/schema.org\/Question\"><div class=\"Faq-header\"><h3 class=\"Faq-title\" itemprop=\"name\">\u00bfC\u00f3mo se calculan las ganancias en las apuestas?<\/h3><span class=\"Faq-icon\"><\/span><\/div><div itemscope itemprop=\"acceptedAnswer\" itemtype=\"https:\/\/schema.org\/Answer\"><div class=\"Faq-content\" itemprop=\"text\"><p>Es vital distinguir entre el retorno total y la <strong>ganancia neta<\/strong>. Mientras que el retorno es todo el dinero que vuelve a tu cuenta, la ganancia real es solo el beneficio extra. Se calcula restando tu inversi\u00f3n inicial del pago total:<\/p><\/div><\/div><\/div><div class=\"Faq-item\" itemscope itemprop=\"mainEntity\" itemtype=\"https:\/\/schema.org\/Question\"><div class=\"Faq-header\"><h3 class=\"Faq-title\" itemprop=\"name\">\u00bfC\u00f3mo puedo calcular la probabilidad de ganar una apuesta?<\/h3><span class=\"Faq-icon\"><\/span><\/div><div itemscope itemprop=\"acceptedAnswer\" itemtype=\"https:\/\/schema.org\/Answer\"><div class=\"Faq-content\" itemprop=\"text\"><p>Puedes conocer la probabilidad que la casa de apuestas le asigna a un evento dividiendo el n\u00famero uno entre la cuota ofrecida y luego multiplicando el resultado por cien. Por ejemplo, una cuota de 2.00 indica que hay un 50% de probabilidad estimada de que ese resultado ocurra. Cuanto m\u00e1s baja es la cuota, mayor es la probabilidad de \u00e9xito.<\/p><\/div><\/div><\/div><div class=\"Faq-item\" itemscope itemprop=\"mainEntity\" itemtype=\"https:\/\/schema.org\/Question\"><div class=\"Faq-header\"><h3 class=\"Faq-title\" itemprop=\"name\">\u00bfCu\u00e1l es la f\u00f3rmula para calcular el pago de una apuesta?<\/h3><span class=\"Faq-icon\"><\/span><\/div><div itemscope itemprop=\"acceptedAnswer\" itemtype=\"https:\/\/schema.org\/Answer\"><div class=\"Faq-content\" itemprop=\"text\"><p>El pago de una apuesta simple se determina multiplicando tu inversi\u00f3n por la cuota asignada al evento. En el caso de las apuestas combinadas o parlays, el pago se calcula multiplicando primero todas las cuotas individuales entre s\u00ed para obtener un n\u00famero final, y ese resultado se multiplica luego por el monto total que hayas decidido apostar.<\/p><\/div><\/div><\/div>\n<\/div><\/div>\n\n\n\n<div style=\"height:100px\" aria-hidden=\"true\" class=\"wp-block-spacer\"><\/div>\n","protected":false},"excerpt":{"rendered":"","protected":false},"author":2,"featured_media":50439,"parent":0,"menu_order":0,"comment_status":"closed","ping_status":"closed","template":"","meta":{"inline_featured_image":false,"ep_exclude_from_search":false,"footnotes":""},"class_list":["post-1454","page","type-page","status-publish","has-post-thumbnail","hentry"],"yoast_head":"<!-- This site is optimized with the Yoast SEO plugin v27.0 - https:\/\/yoast.com\/product\/yoast-seo-wordpress\/ -->\n<title>Calculadora de Apuestas \u2022 Apuestas Club<\/title>\n<meta name=\"description\" content=\"Descubre el valor exacto a apostar con nuestra calculadora de apuestas. No pierdas ni un centavo al aplicar nuestro sistema de apuestas.\" \/>\n<meta name=\"robots\" content=\"index, follow, max-snippet:-1, max-image-preview:large, max-video-preview:-1\" \/>\n<link rel=\"canonical\" href=\"https:\/\/apuestasclub.com\/pe\/calculadora-de-apuestas\/\" \/>\n<meta property=\"og:locale\" content=\"es_PE\" \/>\n<meta property=\"og:type\" content=\"article\" \/>\n<meta property=\"og:title\" content=\"Calculadora de Apuestas \u2022 Apuestas Club\" \/>\n<meta property=\"og:description\" content=\"Descubre el valor exacto a apostar para obtener las ganancias en cada mercado con nuestra calculadora de apuestas.\" \/>\n<meta property=\"og:url\" content=\"https:\/\/apuestasclub.com\/pe\/calculadora-de-apuestas\/\" \/>\n<meta property=\"og:site_name\" content=\"Apuestas Club Per\u00fa\" \/>\n<meta property=\"article:modified_time\" content=\"2026-01-15T19:22:41+00:00\" \/>\n<meta property=\"og:image\" content=\"https:\/\/apuestasclub.com\/pe\/wp-content\/uploads\/sites\/7\/2015\/09\/calculadora-apuestas.png\" \/>\n\t<meta property=\"og:image:width\" content=\"764\" \/>\n\t<meta property=\"og:image:height\" content=\"402\" \/>\n\t<meta property=\"og:image:type\" content=\"image\/png\" \/>\n<meta name=\"twitter:card\" content=\"summary_large_image\" \/>\n<meta name=\"twitter:label1\" content=\"Est. reading time\" \/>\n\t<meta name=\"twitter:data1\" content=\"5 minutos\" \/>\n<script type=\"application\/ld+json\" class=\"yoast-schema-graph\">{\"@context\":\"https:\/\/schema.org\",\"@graph\":[{\"@type\":\"WebPage\",\"@id\":\"https:\/\/apuestasclub.com\/pe\/calculadora-de-apuestas\/\",\"url\":\"https:\/\/apuestasclub.com\/pe\/calculadora-de-apuestas\/\",\"name\":\"Calculadora de Apuestas \u2022 Apuestas Club\",\"isPartOf\":{\"@id\":\"https:\/\/apuestasclub.com\/pe\/#website\"},\"primaryImageOfPage\":{\"@id\":\"https:\/\/apuestasclub.com\/pe\/calculadora-de-apuestas\/#primaryimage\"},\"image\":{\"@id\":\"https:\/\/apuestasclub.com\/pe\/calculadora-de-apuestas\/#primaryimage\"},\"thumbnailUrl\":\"https:\/\/apuestasclub.com\/pe\/wp-content\/uploads\/sites\/7\/2015\/09\/calculadora-apuestas.png\",\"datePublished\":\"2013-01-22T03:48:42+00:00\",\"dateModified\":\"2026-01-15T19:22:41+00:00\",\"description\":\"Descubre el valor exacto a apostar con nuestra calculadora de apuestas. No pierdas ni un centavo al aplicar nuestro sistema de apuestas.\",\"breadcrumb\":{\"@id\":\"https:\/\/apuestasclub.com\/pe\/calculadora-de-apuestas\/#breadcrumb\"},\"inLanguage\":\"es-PE\",\"potentialAction\":[{\"@type\":\"ReadAction\",\"target\":[\"https:\/\/apuestasclub.com\/pe\/calculadora-de-apuestas\/\"]}]},{\"@type\":\"ImageObject\",\"inLanguage\":\"es-PE\",\"@id\":\"https:\/\/apuestasclub.com\/pe\/calculadora-de-apuestas\/#primaryimage\",\"url\":\"https:\/\/apuestasclub.com\/pe\/wp-content\/uploads\/sites\/7\/2015\/09\/calculadora-apuestas.png\",\"contentUrl\":\"https:\/\/apuestasclub.com\/pe\/wp-content\/uploads\/sites\/7\/2015\/09\/calculadora-apuestas.png\",\"width\":764,\"height\":402,\"caption\":\"Calculadora de Apuestas\"},{\"@type\":\"BreadcrumbList\",\"@id\":\"https:\/\/apuestasclub.com\/pe\/calculadora-de-apuestas\/#breadcrumb\",\"itemListElement\":[{\"@type\":\"ListItem\",\"position\":1,\"name\":\"Portada\",\"item\":\"https:\/\/apuestasclub.com\/pe\/\"},{\"@type\":\"ListItem\",\"position\":2,\"name\":\"Calculadora de Apuestas\"}]},{\"@type\":\"WebSite\",\"@id\":\"https:\/\/apuestasclub.com\/pe\/#website\",\"url\":\"https:\/\/apuestasclub.com\/pe\/\",\"name\":\"Apuestas Club Per\u00fa\",\"description\":\"Contenido educativo, an\u00e1lisis y estrategias responsables para apostadores en Per\u00fa que buscan tomar decisiones informadas en el mundo de las apuestas deportivas.\",\"potentialAction\":[{\"@type\":\"SearchAction\",\"target\":{\"@type\":\"EntryPoint\",\"urlTemplate\":\"https:\/\/apuestasclub.com\/pe\/?s={search_term_string}\"},\"query-input\":{\"@type\":\"PropertyValueSpecification\",\"valueRequired\":true,\"valueName\":\"search_term_string\"}}],\"inLanguage\":\"es-PE\"}]}<\/script>\n<!-- \/ Yoast SEO plugin. -->","yoast_head_json":{"title":"Calculadora de Apuestas \u2022 Apuestas Club","description":"Descubre el valor exacto a apostar con nuestra calculadora de apuestas. No pierdas ni un centavo al aplicar nuestro sistema de apuestas.","robots":{"index":"index","follow":"follow","max-snippet":"max-snippet:-1","max-image-preview":"max-image-preview:large","max-video-preview":"max-video-preview:-1"},"canonical":"https:\/\/apuestasclub.com\/pe\/calculadora-de-apuestas\/","og_locale":"es_PE","og_type":"article","og_title":"Calculadora de Apuestas \u2022 Apuestas Club","og_description":"Descubre el valor exacto a apostar para obtener las ganancias en cada mercado con nuestra calculadora de apuestas.","og_url":"https:\/\/apuestasclub.com\/pe\/calculadora-de-apuestas\/","og_site_name":"Apuestas Club Per\u00fa","article_modified_time":"2026-01-15T19:22:41+00:00","og_image":[{"width":764,"height":402,"url":"https:\/\/apuestasclub.com\/pe\/wp-content\/uploads\/sites\/7\/2015\/09\/calculadora-apuestas.png","type":"image\/png"}],"twitter_card":"summary_large_image","twitter_misc":{"Est. reading time":"5 minutos"},"schema":{"@context":"https:\/\/schema.org","@graph":[{"@type":"WebPage","@id":"https:\/\/apuestasclub.com\/pe\/calculadora-de-apuestas\/","url":"https:\/\/apuestasclub.com\/pe\/calculadora-de-apuestas\/","name":"Calculadora de Apuestas \u2022 Apuestas Club","isPartOf":{"@id":"https:\/\/apuestasclub.com\/pe\/#website"},"primaryImageOfPage":{"@id":"https:\/\/apuestasclub.com\/pe\/calculadora-de-apuestas\/#primaryimage"},"image":{"@id":"https:\/\/apuestasclub.com\/pe\/calculadora-de-apuestas\/#primaryimage"},"thumbnailUrl":"https:\/\/apuestasclub.com\/pe\/wp-content\/uploads\/sites\/7\/2015\/09\/calculadora-apuestas.png","datePublished":"2013-01-22T03:48:42+00:00","dateModified":"2026-01-15T19:22:41+00:00","description":"Descubre el valor exacto a apostar con nuestra calculadora de apuestas. No pierdas ni un centavo al aplicar nuestro sistema de apuestas.","breadcrumb":{"@id":"https:\/\/apuestasclub.com\/pe\/calculadora-de-apuestas\/#breadcrumb"},"inLanguage":"es-PE","potentialAction":[{"@type":"ReadAction","target":["https:\/\/apuestasclub.com\/pe\/calculadora-de-apuestas\/"]}]},{"@type":"ImageObject","inLanguage":"es-PE","@id":"https:\/\/apuestasclub.com\/pe\/calculadora-de-apuestas\/#primaryimage","url":"https:\/\/apuestasclub.com\/pe\/wp-content\/uploads\/sites\/7\/2015\/09\/calculadora-apuestas.png","contentUrl":"https:\/\/apuestasclub.com\/pe\/wp-content\/uploads\/sites\/7\/2015\/09\/calculadora-apuestas.png","width":764,"height":402,"caption":"Calculadora de Apuestas"},{"@type":"BreadcrumbList","@id":"https:\/\/apuestasclub.com\/pe\/calculadora-de-apuestas\/#breadcrumb","itemListElement":[{"@type":"ListItem","position":1,"name":"Portada","item":"https:\/\/apuestasclub.com\/pe\/"},{"@type":"ListItem","position":2,"name":"Calculadora de Apuestas"}]},{"@type":"WebSite","@id":"https:\/\/apuestasclub.com\/pe\/#website","url":"https:\/\/apuestasclub.com\/pe\/","name":"Apuestas Club Per\u00fa","description":"Contenido educativo, an\u00e1lisis y estrategias responsables para apostadores en Per\u00fa que buscan tomar decisiones informadas en el mundo de las apuestas deportivas.","potentialAction":[{"@type":"SearchAction","target":{"@type":"EntryPoint","urlTemplate":"https:\/\/apuestasclub.com\/pe\/?s={search_term_string}"},"query-input":{"@type":"PropertyValueSpecification","valueRequired":true,"valueName":"search_term_string"}}],"inLanguage":"es-PE"}]}},"_links":{"self":[{"href":"https:\/\/apuestasclub.com\/pe\/wp-json\/wp\/v2\/pages\/1454","targetHints":{"allow":["GET"]}}],"collection":[{"href":"https:\/\/apuestasclub.com\/pe\/wp-json\/wp\/v2\/pages"}],"about":[{"href":"https:\/\/apuestasclub.com\/pe\/wp-json\/wp\/v2\/types\/page"}],"author":[{"embeddable":true,"href":"https:\/\/apuestasclub.com\/pe\/wp-json\/wp\/v2\/users\/2"}],"replies":[{"embeddable":true,"href":"https:\/\/apuestasclub.com\/pe\/wp-json\/wp\/v2\/comments?post=1454"}],"version-history":[{"count":1,"href":"https:\/\/apuestasclub.com\/pe\/wp-json\/wp\/v2\/pages\/1454\/revisions"}],"predecessor-version":[{"id":959041,"href":"https:\/\/apuestasclub.com\/pe\/wp-json\/wp\/v2\/pages\/1454\/revisions\/959041"}],"wp:featuredmedia":[{"embeddable":true,"href":"https:\/\/apuestasclub.com\/pe\/wp-json\/wp\/v2\/media\/50439"}],"wp:attachment":[{"href":"https:\/\/apuestasclub.com\/pe\/wp-json\/wp\/v2\/media?parent=1454"}],"curies":[{"name":"wp","href":"https:\/\/api.w.org\/{rel}","templated":true}]}}