{"id":393,"date":"2012-04-04T14:20:50","date_gmt":"2012-04-04T17:20:50","guid":{"rendered":"http:\/\/oakland.cmsmasters.net\/?page_id=393"},"modified":"2021-04-09T07:46:11","modified_gmt":"2021-04-09T12:46:11","slug":"nuestro-equipo","status":"publish","type":"page","link":"https:\/\/apuestasclub.com\/pe\/nuestro-equipo\/","title":{"rendered":"Nuestro Equipo"},"content":{"rendered":"\n<div class=\"container pages\"><div class=\"TheContent\">\n<div class=\"wp-block-image\"><figure class=\"aligncenter\"><img decoding=\"async\" width=\"1497\" height=\"800\" src=\"https:\/\/apuestasclub.com\/pe\/wp-content\/uploads\/sites\/7\/2012\/04\/time.png\" alt=\"\" class=\"wp-image-52831\" srcset=\"https:\/\/apuestasclub.com\/pe\/wp-content\/uploads\/sites\/7\/2012\/04\/time.png 1497w, https:\/\/apuestasclub.com\/pe\/wp-content\/uploads\/sites\/7\/2012\/04\/time-300x160.png 300w, https:\/\/apuestasclub.com\/pe\/wp-content\/uploads\/sites\/7\/2012\/04\/time-768x410.png 768w, https:\/\/apuestasclub.com\/pe\/wp-content\/uploads\/sites\/7\/2012\/04\/time-1024x547.png 1024w\" sizes=\"(max-width: 1497px) 100vw, 1497px\" \/><\/figure><\/div>\n\n\n\n<p>Apuestas Club es una idea de dos amigos brasileros, apasionados por el \u00a1f\u00fatbol! Por \u00e9sta pasi\u00f3n fue que ellos descubrieron en 2008 las apuestas deportivas y la posibilidad de ganar dinero con estas. Desde entonces, estamos estudiando este nuevo mundo como una inversi\u00f3n y no apenas como un juego de azar. <strong>Estos estudios nos han permitido desarrollar un sistema inteligente de apuestas, que garantice una manera \u00f3ptima de ganar dinero y hacer una ganancia extra mensualmente y todav\u00eda mejor, sin riesgos!<\/strong><\/p>\n\n\n\n<p>Como todos los latinos somos amantes del f\u00fatbol, decidimos enfocarnos en este sistema innovador para nuestro continente, pero decidimos seguir desarrollando este sistema para nuestros hermanos hispano-hablantes, presentando este universo de las apuestas on-line del que pocos conocen y ense\u00f1ando a cada vez m\u00e1s personas, como a usted, a ganar dinero.<\/p>\n\n\n\n<p>Apuestas Club es la primera comunidad online brasilera sobre apuestas deportivas, innovando al ense\u00f1ar a sus usuarios, de forma gratuita, una manera simple y segura de aumentar su salario. Como sabemos, al igual que nosotros, el resto de latino am\u00e9rica est\u00e1 loco por el f\u00fatbol, lo llevamos en la sangre, desde M\u00e9xico hasta el rinc\u00f3n m\u00e1s al sur de Argentina. Al fin y al cabo, que mejor que \u00abcortar\u00bb esa semana un mi\u00e9rcoles con unas cervezas, unos doritos y ver la Copa Libertadores, juegue qui\u00e9n juegue.<\/p>\n\n\n\n<p>Volviendo a las apuestas, creemos que los latinos hispano-hablantes tambi\u00e9n merecen material de contenido \u00f3ptimo y gratis, que est\u00e9 al alcance de todo aquel que tenga una m\u00ednima se\u00f1al de wifi. Mostramos que las apuestas pueden ser una inversi\u00f3n altamente lucrativa y divertida. Al final, si el f\u00fatbol ya es genial, con Apuestas Club ser\u00e1 todav\u00eda m\u00e1s genial!<\/p>\n\n\n\n<h2 class=\"wp-block-heading\">Los principales proyectos de Apuestas Club<\/h2>\n\n\n\n<p>Pero no paramos ah\u00ed, con la llegada de nuevos miembros para este \u00abAutob\u00fas viejo\u00bb De Apuestas Club, fuimos desarrollando nuevos sitios, herramientas y plataformas. Conozca las principales de ellas:<\/p>\n\n\n<div class=\"su-row\"><div class=\"su-column su-column-size-1-2\"><div class=\"su-column-inner su-u-clearfix su-u-trim\">\n<p><center><a href=\"http:\/\/www.betfellows.com\" target=\"_blank\" rel=\"noopener noreferrer\"><img decoding=\"async\" class=\" wp-image-19872 aligncenter\" src=\"http:\/\/www.apuestasclub.com\/wp-content\/uploads\/sites\/7\/2012\/04\/quem-somos-betfellows.png\" alt=\"Projetos do Clube da Aposta: Betfellows\" width=\"200\" height=\"200\" \/><\/a><\/center><\/p>\n<h3 style=\"text-align: center;\"><span style=\"color: #4aba70;\">Betfellows<\/span><\/h3>\n<p style=\"text-align: center;\">Betfellows es una plataforma gratuita de pron\u00f3sticos colaborativos realizados por apostadores para apostadores.\u00a0 Ah\u00ed podemos compartir nuestros conocimientos sobre campeonatos, equipos, jugadores, puntos fuertes y d\u00e9biles, adem\u00e1s de dejar nuestros pron\u00f3stico y descubrir lo que la comunidad piensa sobre cada partido.<\/p>\n<p style=\"text-align: center;\">Nada es demasiado peque\u00f1o que no valga la pena compartirlo. Con cada apostador trayendo una peque\u00f1a pieza de su conocimiento, vamos a montar nuestro rompecabezas juego a juego. Betfellows es el poder de Internet, pron\u00f3sticos colaborativos para ayudar a todos a ser apostadores m\u00e1s lucrativos.<\/p>\n<p style=\"text-align: center;\"><\/div><\/div><div class=\"su-column su-column-size-1-2\"><div class=\"su-column-inner su-u-clearfix su-u-trim\">\n<p><center><a href=\"http:\/\/www.apuestasclub.com\" target=\"_blank\" rel=\"noopener noreferrer\"><img decoding=\"async\" class=\"aligncenter wp-image-19874\" src=\"http:\/\/www.apuestasclub.com\/wp-content\/uploads\/sites\/7\/2012\/04\/quem-somos-apuestas-club.png\" alt=\"Projetos do Clube da Aposta: Apuestas Club\" width=\"200\" height=\"200\" \/><\/a><\/center><\/p>\n<h3 style=\"text-align: center;\"><span style=\"color: #86b6cd;\">Clube da Aposta<\/span><\/h3>\n<p style=\"text-align: center;\">Clubedaposta est\u00e1 al aire desde 2010 es uno de los mayores sitios brasile\u00f1os sobre apuestas y trading deportivo. El equipo est\u00e1 formado por profesionales altamente capacitados, lo que hace que el Club sea reconocido mundialmente como uno de los mejores portales de internet para quien quiera especializarse y profesionalizarse en las apuestas.<\/p>\n<p style=\"text-align: center;\">Apuestas Club es una suma de lo mejor que hay en Clubedaposta, m\u00e1s el contenido de excelente calidad que es producido por nuestro equipo.<\/p>\n<\/div><\/div><\/div>\n\n\n<div class=\"su-row\">\n<div class=\"su-column su-column-size-1-2\"><div class=\"su-column-inner su-u-clearfix su-u-trim\"><div class=\"su-button-center\"><a href=\"https:\/\/www.betfellows.com\/es\" class=\"su-button su-button-style-3d\" style=\"color:#ffffff;background-color:#4ABA70;border-color:#3c955a;border-radius:5px\" target=\"_blank\" rel=\"noopener noreferrer\"><span style=\"color:#ffffff;padding:6px 16px;font-size:13px;line-height:20px;border-color:#81cf9b;border-radius:5px;text-shadow:none\"><i class=\"sui sui-external-link\" style=\"font-size:13px;color:#FFFFFF\"><\/i> Acceso a Betfellows<\/span><\/a><\/div><\/div><\/div>\n<div class=\"su-column su-column-size-1-2\"><div class=\"su-column-inner su-u-clearfix su-u-trim\"> <div class=\"su-button-center\"><a href=\"https:\/\/www.clubedaposta.com\" class=\"su-button su-button-style-3d\" style=\"color:#ffffff;background-color:#86B6CD;border-color:#6c92a4;border-radius:5px\" target=\"_blank\" rel=\"noopener noreferrer\"><span style=\"color:#ffffff;padding:6px 16px;font-size:13px;line-height:20px;border-color:#abccdc;border-radius:5px;text-shadow:none\"><i class=\"sui sui-external-link\" style=\"font-size:13px;color:#FFFFFF\"><\/i> Acceso a Clube da Aposta<\/span><\/a><\/div><\/div><\/div>\n<\/div>\n\n\n\n<h2 class=\"wp-block-heading\">El equipo de apostadores detr\u00e1s de apuestas club<\/h2>\n\n\n\n<p>Conoce un poco m\u00e1s sobre el equipo responsable de Apuestas Club:<\/p>\n\n\n\n<div class=\"wp-block-image\"><figure class=\"alignleft\"><img decoding=\"async\" src=\"https:\/\/apuestasclub.com\/pe\/wp-content\/uploads\/sites\/7\/2015\/09\/roberto-apuestas-club.png\" alt=\"Apuestas Club: Roberto Tavares\" class=\"wp-image-13813\"\/><\/figure><\/div>\n\n\n\n<p><strong>Roberto Tavares<\/strong><\/p>\n\n\n\n<p>Graduado en Tecnologia en Transporte A\u00e9reo, especialista en log\u00edstica y piloto en formaci\u00f3n. Fan\u00e1tico del Gr\u00eamio, tiene el f\u00fatbol como su mayor pasi\u00f3n, hobbie y hace trading deportivo como&nbsp;su principal fuente de trabajo. Especialista en match odds, profundizando sus estudios en este mercado, operando con \u00e9xito tambi\u00e9n en los mercados de Under Goals y Correct Score. Roberto es un nerd del trading.<\/p>\n\n\n\n<div class=\"wp-block-image\"><figure class=\"alignleft\"><img decoding=\"async\" src=\"https:\/\/apuestasclub.com\/pe\/wp-content\/uploads\/sites\/7\/2015\/09\/beto-apuestas-club.png\" alt=\"Apuestas Club: Beto\" class=\"wp-image-13801\"\/><\/figure><\/div>\n\n\n\n<p><strong>Humberto Alves<\/strong><\/p>\n\n\n\n<p>Humberto es un hincha del Mineiro de 30 a\u00f1os, t\u00e9cnico en Gesti\u00f3n de Negocios recibido en la Fatec Senai de Belo Horizonte, cursando Administraci\u00f3n en UFMG y actualmente estudiando ciencia de datos y aprendizaje de m\u00e1quina con aplicaci\u00f3n en las apuestas deportivas. Conoci\u00f3 las apuestas deportivas en 2008 y, a pesar de estar a m\u00e1s de 10 a\u00f1os en ese mundo, considera que todav\u00eda tiene mucho que aprender.<\/p>\n\n\n\n<div class=\"wp-block-image\"><figure class=\"alignleft\"><img decoding=\"async\" src=\"https:\/\/apuestasclub.com\/pe\/wp-content\/uploads\/sites\/7\/2015\/09\/murilo-apuestas-club.png\" alt=\"Apuestas Club: Murilo\" class=\"wp-image-13802\"\/><\/figure><\/div>\n\n\n\n<p><strong>Murilo Andrade<\/strong><\/p>\n\n\n\n<p>Graduado en Administraci\u00f3n por la Faculdade Pit\u00e1goras y apasionado por el f\u00fatbol y el marketing digital. Las apuestas deportivas fueron un hallazgo verdadero capaz de unir sus dos pasiones. Hoy en d\u00eda hace lo que ama y ense\u00f1a a otras personas a caminar su mismo camino. Creador de <a href=\"http:\/\/www.clubedaposta.com\/quem-somos\/www.metododeimportacao.com.br\">www.metododeimportacao.com.br<\/a> y <a href=\"http:\/\/www.muriloandrade.com\">www.muriloandrade.com<\/a>. En las apuestas prefiere ampliamente el f\u00fatbol, apostando de vez en cuando en tenis y UFC.<\/p>\n\n\n\n<div class=\"wp-block-image\"><figure class=\"alignleft\"><img decoding=\"async\" width=\"65\" height=\"65\" src=\"https:\/\/apuestasclub.com\/pe\/wp-content\/uploads\/sites\/7\/2012\/04\/edegar.png\" alt=\"\" class=\"wp-image-51716\"\/><\/figure><\/div>\n\n\n\n<p><strong>Edegar Junior<\/strong><\/p>\n\n\n\n<p>Graduado en M\u00fasica, Publicidad y a punto de tomar el titulo de Posgrado MBA en Design Thinking, actu\u00f3 por m\u00e1s de 6 a\u00f1os en agencias de publicidad como Art Director y en esto descubri\u00f3 su pasi\u00f3n por el dise\u00f1o. Igual apasionado de la gastronom\u00eda, cine, fotograf\u00eda, Rodrigo Hilbert (un guap\u00edsimo actor brasile\u00f1o), viajar y igual le encanta el viejo n\u00ba7 de desde Tennessee.<\/p>\n\n\n\n<div class=\"wp-block-image\"><figure class=\"alignleft\"><img decoding=\"async\" width=\"65\" height=\"65\" src=\"https:\/\/apuestasclub.com\/pe\/wp-content\/uploads\/sites\/7\/2012\/04\/jhonatan.png\" alt=\"\" class=\"wp-image-51717\"\/><\/figure><\/div>\n\n\n\n<p><strong>Jonathan Iqueda<\/strong><\/p>\n\n\n\n<p>Estudiante en An\u00e1lisis de Sistemas Inform\u00e1ticos Jonathan Iqueda es carioca, hincha de Flamengo, surfista y un apasionado por nuevas tecnolog\u00edas y gesti\u00f3n de proyectos. Lleva m\u00e1s de 20 proyectos desarrollados con su firma y m\u00e1s de 4 a\u00f1os actuando directamente como Desarrollador Web.<\/p>\n\n\n\n<div class=\"wp-block-image\"><figure class=\"alignleft\"><img decoding=\"async\" width=\"65\" height=\"65\" src=\"https:\/\/apuestasclub.com\/pe\/wp-content\/uploads\/sites\/7\/2012\/04\/jorge.png\" alt=\"\" class=\"wp-image-51715\"\/><\/figure><\/div>\n\n\n\n<p><strong>Jorge Alves<\/strong><\/p>\n\n\n\n<p>Jorge Alves es el \u00abtuga\u00bb en el equipo, tiene 27 a\u00f1os y vive en la ciudad de Aveiro, al norte de Portugal. Estudi\u00f3 Ingenier\u00eda Inform\u00e1tica en la Universidad da Beira Interior, hace bastante tiempo, se dio cuenta que ten\u00eda aptitud para las apuestas deportivas y ahora hace del Trading su principal actividad, espec\u00edficamente Trading en carrera de caballos en los hip\u00f3dromos de UK (GB-IRL)<\/p>\n\n\n\n<div class=\"wp-block-image\"><figure class=\"alignleft\"><img decoding=\"async\" width=\"65\" height=\"65\" src=\"https:\/\/www.apuestasclub.com\/wp-content\/uploads\/sites\/7\/2012\/04\/nicolas-apuestas-club.png\" alt=\"Nicolas del Apuestas Club\" class=\"wp-image-51525\"\/><\/figure><\/div>\n\n\n\n<h4 class=\"wp-block-heading\">Nicolas Castillo<\/h4>\n\n\n\n<p>Graduado como Ingeniero Electr\u00f3nico de la Universidad Distrital Francisco Jos\u00e9 de Caldas en Bogot\u00e1, Colombia. Director y fundador de Trade Sports Zone. Trader en mercados financieros desde 2008. Desde 2010 incursion\u00f3 en el trading deportivo, inicialmente en f\u00fatbol y desde 2014 especializado en la h\u00edpica. Siempre ha trabajado de forma independiente y emprendedora y ahora con Apuestas Club, desea entregar todo el potencial en pro de los apostadores de este creciente mercado en latinoamerica.<\/p>\n\n\n\n<h3 class=\"wp-block-heading\">Misi\u00f3n<\/h3>\n\n\n\n<div class=\"wp-block-image\"><figure class=\"alignleft\"><img decoding=\"async\" width=\"73\" height=\"51\" src=\"https:\/\/www.apuestasclub.com\/wp-content\/uploads\/sites\/7\/2012\/04\/mission.png\" alt=\"\" class=\"wp-image-51533\"\/><\/figure><\/div>\n\n\n\n<p>Ense\u00f1ar a nuestros fieles lectores a ganar dinero con las apuestas de una manera inteligente y divertida, a trav\u00e9s de una did\u00e1ctica simple y con un soporte de calidad.<\/p>\n\n\n\n<h3 class=\"wp-block-heading\">Visi\u00f3n<\/h3>\n\n\n\n<div class=\"wp-block-image\"><figure class=\"alignleft\"><img decoding=\"async\" width=\"76\" height=\"58\" src=\"https:\/\/www.apuestasclub.com\/wp-content\/uploads\/sites\/7\/2012\/04\/vision.png\" alt=\"\" class=\"wp-image-51532\"\/><\/figure><\/div>\n\n\n\n<p>Ser una de las mejores comunidades de apuestas del mundo.<\/p>\n\n\n\n<p><\/p>\n\n\n\n<h3 class=\"wp-block-heading\">Valores<\/h3>\n\n\n\n<div class=\"wp-block-image\"><figure class=\"alignleft\"><img decoding=\"async\" width=\"51\" height=\"61\" src=\"https:\/\/www.apuestasclub.com\/wp-content\/uploads\/sites\/7\/2012\/04\/valores-1.png\" alt=\"\" class=\"wp-image-51534\"\/><\/figure><\/div>\n\n\n\n<p><strong>Satisfacci\u00f3n:<\/strong>&nbsp;El \u00e9xito de nuestros usuarios es parte de nuestro \u00e9xito.<\/p>\n\n\n\n<p><strong>Relacionamiento:<\/strong>&nbsp;Entendemos la importancia de mantenernos cerca de nuestros usuarios y colaboradores.<\/p>\n\n\n\n<p><strong>&nbsp; &nbsp; &nbsp; &nbsp; &nbsp; &nbsp; &nbsp; &nbsp; &nbsp;Simplicidad:&nbsp;<\/strong>Porqu\u00e9 complicar si podemos simplificar?<\/p>\n\n\n\n<p><strong>&nbsp; &nbsp; &nbsp; &nbsp; &nbsp; &nbsp; &nbsp; &nbsp; &nbsp;\u00c9tica:&nbsp;<\/strong>Valorizamos la importancia de actuar de forma \u00e9tica, honesta e \u00edntegra.<\/p>\n\n\n\n<p><strong>\u00a0 \u00a0 \u00a0 \u00a0 \u00a0 \u00a0 \u00a0 \u00a0 Trabajo en equipo:<\/strong>\u00a0Porque juntos podemos m\u00e1s y mejor.<\/p>\n\n\n\n<div style=\"height:100px\" aria-hidden=\"true\" class=\"wp-block-spacer\"><\/div>\n<\/div><\/div>\n","protected":false},"excerpt":{"rendered":"","protected":false},"author":2,"featured_media":0,"parent":0,"menu_order":0,"comment_status":"closed","ping_status":"closed","template":"","meta":{"inline_featured_image":false,"ep_exclude_from_search":false,"footnotes":""},"class_list":["post-393","page","type-page","status-publish","hentry"],"yoast_head":"<!-- This site is optimized with the Yoast SEO plugin v27.0 - https:\/\/yoast.com\/product\/yoast-seo-wordpress\/ -->\n<title>Nuestro Equipo \u2022 Apuestas Club<\/title>\n<meta name=\"description\" content=\"Conoce nuestro equipo de trabajo en apuestas club.\" \/>\n<meta name=\"robots\" content=\"index, follow, max-snippet:-1, max-image-preview:large, max-video-preview:-1\" \/>\n<link rel=\"canonical\" href=\"https:\/\/apuestasclub.com\/pe\/nuestro-equipo\/\" \/>\n<meta property=\"og:locale\" content=\"es_PE\" \/>\n<meta property=\"og:type\" content=\"article\" \/>\n<meta property=\"og:title\" content=\"Nuestro Equipo \u2022 Apuestas Club\" \/>\n<meta property=\"og:description\" content=\"Conoce nuestro equipo de trabajo en apuestas club.\" \/>\n<meta property=\"og:url\" content=\"https:\/\/apuestasclub.com\/pe\/nuestro-equipo\/\" \/>\n<meta property=\"og:site_name\" content=\"Apuestas Club Per\u00fa\" \/>\n<meta property=\"article:modified_time\" content=\"2021-04-09T12:46:11+00:00\" \/>\n<meta property=\"og:image\" content=\"http:\/\/apuestasclub.com\/pe\/wp-content\/uploads\/sites\/7\/2012\/04\/time.png\" \/>\n<meta name=\"twitter:card\" content=\"summary_large_image\" \/>\n<meta name=\"twitter:label1\" content=\"Est. reading time\" \/>\n\t<meta name=\"twitter:data1\" content=\"8 minutos\" \/>\n<script type=\"application\/ld+json\" class=\"yoast-schema-graph\">{\"@context\":\"https:\/\/schema.org\",\"@graph\":[{\"@type\":\"WebPage\",\"@id\":\"https:\/\/apuestasclub.com\/pe\/nuestro-equipo\/\",\"url\":\"https:\/\/apuestasclub.com\/pe\/nuestro-equipo\/\",\"name\":\"Nuestro Equipo \u2022 Apuestas Club\",\"isPartOf\":{\"@id\":\"https:\/\/apuestasclub.com\/pe\/#website\"},\"primaryImageOfPage\":{\"@id\":\"https:\/\/apuestasclub.com\/pe\/nuestro-equipo\/#primaryimage\"},\"image\":{\"@id\":\"https:\/\/apuestasclub.com\/pe\/nuestro-equipo\/#primaryimage\"},\"thumbnailUrl\":\"http:\/\/apuestasclub.com\/pe\/wp-content\/uploads\/sites\/7\/2012\/04\/time.png\",\"datePublished\":\"2012-04-04T17:20:50+00:00\",\"dateModified\":\"2021-04-09T12:46:11+00:00\",\"description\":\"Conoce nuestro equipo de trabajo en apuestas club.\",\"breadcrumb\":{\"@id\":\"https:\/\/apuestasclub.com\/pe\/nuestro-equipo\/#breadcrumb\"},\"inLanguage\":\"es-PE\",\"potentialAction\":[{\"@type\":\"ReadAction\",\"target\":[\"https:\/\/apuestasclub.com\/pe\/nuestro-equipo\/\"]}]},{\"@type\":\"ImageObject\",\"inLanguage\":\"es-PE\",\"@id\":\"https:\/\/apuestasclub.com\/pe\/nuestro-equipo\/#primaryimage\",\"url\":\"http:\/\/apuestasclub.com\/pe\/wp-content\/uploads\/sites\/7\/2012\/04\/time.png\",\"contentUrl\":\"http:\/\/apuestasclub.com\/pe\/wp-content\/uploads\/sites\/7\/2012\/04\/time.png\"},{\"@type\":\"BreadcrumbList\",\"@id\":\"https:\/\/apuestasclub.com\/pe\/nuestro-equipo\/#breadcrumb\",\"itemListElement\":[{\"@type\":\"ListItem\",\"position\":1,\"name\":\"Portada\",\"item\":\"https:\/\/apuestasclub.com\/pe\/\"},{\"@type\":\"ListItem\",\"position\":2,\"name\":\"Nuestro Equipo\"}]},{\"@type\":\"WebSite\",\"@id\":\"https:\/\/apuestasclub.com\/pe\/#website\",\"url\":\"https:\/\/apuestasclub.com\/pe\/\",\"name\":\"Apuestas Club Per\u00fa\",\"description\":\"Contenido educativo, an\u00e1lisis y estrategias responsables para apostadores en Per\u00fa que buscan tomar decisiones informadas en el mundo de las apuestas deportivas.\",\"potentialAction\":[{\"@type\":\"SearchAction\",\"target\":{\"@type\":\"EntryPoint\",\"urlTemplate\":\"https:\/\/apuestasclub.com\/pe\/?s={search_term_string}\"},\"query-input\":{\"@type\":\"PropertyValueSpecification\",\"valueRequired\":true,\"valueName\":\"search_term_string\"}}],\"inLanguage\":\"es-PE\"}]}<\/script>\n<!-- \/ Yoast SEO plugin. -->","yoast_head_json":{"title":"Nuestro Equipo \u2022 Apuestas Club","description":"Conoce nuestro equipo de trabajo en apuestas club.","robots":{"index":"index","follow":"follow","max-snippet":"max-snippet:-1","max-image-preview":"max-image-preview:large","max-video-preview":"max-video-preview:-1"},"canonical":"https:\/\/apuestasclub.com\/pe\/nuestro-equipo\/","og_locale":"es_PE","og_type":"article","og_title":"Nuestro Equipo \u2022 Apuestas Club","og_description":"Conoce nuestro equipo de trabajo en apuestas club.","og_url":"https:\/\/apuestasclub.com\/pe\/nuestro-equipo\/","og_site_name":"Apuestas Club Per\u00fa","article_modified_time":"2021-04-09T12:46:11+00:00","og_image":[{"url":"http:\/\/apuestasclub.com\/pe\/wp-content\/uploads\/sites\/7\/2012\/04\/time.png","type":"","width":"","height":""}],"twitter_card":"summary_large_image","twitter_misc":{"Est. reading time":"8 minutos"},"schema":{"@context":"https:\/\/schema.org","@graph":[{"@type":"WebPage","@id":"https:\/\/apuestasclub.com\/pe\/nuestro-equipo\/","url":"https:\/\/apuestasclub.com\/pe\/nuestro-equipo\/","name":"Nuestro Equipo \u2022 Apuestas Club","isPartOf":{"@id":"https:\/\/apuestasclub.com\/pe\/#website"},"primaryImageOfPage":{"@id":"https:\/\/apuestasclub.com\/pe\/nuestro-equipo\/#primaryimage"},"image":{"@id":"https:\/\/apuestasclub.com\/pe\/nuestro-equipo\/#primaryimage"},"thumbnailUrl":"http:\/\/apuestasclub.com\/pe\/wp-content\/uploads\/sites\/7\/2012\/04\/time.png","datePublished":"2012-04-04T17:20:50+00:00","dateModified":"2021-04-09T12:46:11+00:00","description":"Conoce nuestro equipo de trabajo en apuestas club.","breadcrumb":{"@id":"https:\/\/apuestasclub.com\/pe\/nuestro-equipo\/#breadcrumb"},"inLanguage":"es-PE","potentialAction":[{"@type":"ReadAction","target":["https:\/\/apuestasclub.com\/pe\/nuestro-equipo\/"]}]},{"@type":"ImageObject","inLanguage":"es-PE","@id":"https:\/\/apuestasclub.com\/pe\/nuestro-equipo\/#primaryimage","url":"http:\/\/apuestasclub.com\/pe\/wp-content\/uploads\/sites\/7\/2012\/04\/time.png","contentUrl":"http:\/\/apuestasclub.com\/pe\/wp-content\/uploads\/sites\/7\/2012\/04\/time.png"},{"@type":"BreadcrumbList","@id":"https:\/\/apuestasclub.com\/pe\/nuestro-equipo\/#breadcrumb","itemListElement":[{"@type":"ListItem","position":1,"name":"Portada","item":"https:\/\/apuestasclub.com\/pe\/"},{"@type":"ListItem","position":2,"name":"Nuestro Equipo"}]},{"@type":"WebSite","@id":"https:\/\/apuestasclub.com\/pe\/#website","url":"https:\/\/apuestasclub.com\/pe\/","name":"Apuestas Club Per\u00fa","description":"Contenido educativo, an\u00e1lisis y estrategias responsables para apostadores en Per\u00fa que buscan tomar decisiones informadas en el mundo de las apuestas deportivas.","potentialAction":[{"@type":"SearchAction","target":{"@type":"EntryPoint","urlTemplate":"https:\/\/apuestasclub.com\/pe\/?s={search_term_string}"},"query-input":{"@type":"PropertyValueSpecification","valueRequired":true,"valueName":"search_term_string"}}],"inLanguage":"es-PE"}]}},"_links":{"self":[{"href":"https:\/\/apuestasclub.com\/pe\/wp-json\/wp\/v2\/pages\/393","targetHints":{"allow":["GET"]}}],"collection":[{"href":"https:\/\/apuestasclub.com\/pe\/wp-json\/wp\/v2\/pages"}],"about":[{"href":"https:\/\/apuestasclub.com\/pe\/wp-json\/wp\/v2\/types\/page"}],"author":[{"embeddable":true,"href":"https:\/\/apuestasclub.com\/pe\/wp-json\/wp\/v2\/users\/2"}],"replies":[{"embeddable":true,"href":"https:\/\/apuestasclub.com\/pe\/wp-json\/wp\/v2\/comments?post=393"}],"version-history":[{"count":0,"href":"https:\/\/apuestasclub.com\/pe\/wp-json\/wp\/v2\/pages\/393\/revisions"}],"wp:attachment":[{"href":"https:\/\/apuestasclub.com\/pe\/wp-json\/wp\/v2\/media?parent=393"}],"curies":[{"name":"wp","href":"https:\/\/api.w.org\/{rel}","templated":true}]}}