{"id":52248,"date":"2017-11-05T12:27:53","date_gmt":"2017-11-05T15:27:53","guid":{"rendered":"http:\/\/apuestasclub.com\/pe\/?page_id=52248"},"modified":"2018-02-13T10:16:56","modified_gmt":"2018-02-13T13:16:56","slug":"herramientas-para-apuestas-deportivas","status":"publish","type":"page","link":"https:\/\/apuestasclub.com\/pe\/herramientas-para-apuestas-deportivas\/","title":{"rendered":"Herramientas para apuestas deportivas"},"content":{"rendered":"<h2 style=\"text-align: left;\">Reunimos todas las herramientas que necesitas en un solo lugar<\/h2>\n<p style=\"text-align: justify;\" data-default=\"Enter your text here...\">En Apuestas Club hemos reunido todas las herramientas que necesitar\u00e1s para apuestas deportivas y trading deportivo. Con todo esto en un solo lugar, de forma organizada y con f\u00e1cil acceso, es mucho m\u00e1s sencillo y r\u00e1pido para que tengas un arsenal completo a tu mano para concentrarte cada vez m\u00e1s en lo que realmente importa: tu estrategia y tu control emocional.Dividimos todo en algunas categor\u00edas f\u00e1ciles de recordar. Si todav\u00eda tienes preguntas espec\u00edficas o no encontraste lo que buscabas, env\u00eda un correo electr\u00f3nico a la contacto@apuestasclub.com que queremos hacer lo posible para dejar este espacio cada vez mejor y m\u00e1s completo!<\/p>\n<h3 data-default=\"Your Heading Here\">Esenciales<\/h3>\n<p><span style=\"width: 100%;\"><a href=\"https:\/\/clubedaposta.com\/parceiro\/betfair\" target=\"_blank\" rel=\"noopener noreferrer\"><img decoding=\"async\" class=\"alignleft\" style=\"width: 252px;\" title=\"ferramentas-batfair\" src=\"https:\/\/apuestasclub.com\/pe\/wp-content\/uploads\/sites\/7\/2017\/10\/ferramentas-batfair.png\" alt=\"\" width=\"666\" height=\"252\" data-id=\"53164\" \/><\/a><\/span><\/p>\n<h3 data-default=\"Your Heading Here\"><span style=\"font-family: Ubuntu; font-weight: 400;\">Betfair<\/span><\/h3>\n<p style=\"text-align: justify;\" data-default=\"Enter your text here...\">Betfair es la bolsa deportiva m\u00e1s grande del mundo. Actualmente, patrocina grandes potencias del f\u00fatbol mundial, como Barcelona, Juventus y Arsenal. Para quien hace trading, es indispensable tener una cuenta en Betfair. Con el siguiente enlace, recibes un bono de 30 d\u00f3lares si \u00a0todav\u00eda no tienes cuenta por all\u00ed.<br \/>\n<a href=\"https:\/\/apuestasclub.com\/pe\/casa-de-apuestas\/betfair\" target=\"_blank\" rel=\"noopener noreferrer\">Acceso a Betfair<\/a><br \/>\n<a href=\"https:\/\/apuestasclub.com\/pe\/como-apostar\/apostar-en-betfair\/\" target=\"_blank\" rel=\"noopener noreferrer\">Lee el review completo de\u00a0 Betfair<\/a><\/p>\n<p>&nbsp;<\/p>\n<p>&nbsp;<\/p>\n<h3 data-default=\"Your Heading Here\"><a href=\"https:\/\/clubedaposta.com\/parceiro\/neteller\" target=\"_blank\" rel=\"noopener noreferrer\"><img decoding=\"async\" class=\"alignleft\" style=\"width: 252px;\" title=\"ferramentas-neteller\" src=\"https:\/\/apuestasclub.com\/pe\/wp-content\/uploads\/sites\/7\/2017\/10\/ferramentas-neteller.png\" alt=\"\" width=\"666\" height=\"252\" data-id=\"53168\" \/><\/a><span style=\"font-family: Ubuntu; font-weight: 400;\">Neteller<\/span><\/h3>\n<p style=\"text-align: justify;\" data-default=\"Enter your text here...\">Neteller es una cartera de pagos en l\u00ednea. Es a trav\u00e9s de ella que puedes depositar y retirar en las casas de apuesta y bolsas deportivas. Hay otros m\u00e9todos, pero recomendamos a Neteller por ser una empresa s\u00f3lida y que ayuda bastante a gestionar, de forma \u00a0sencilla, tu dinero en las apuestas deportivas y el trading.<br \/>\n<a href=\"https:\/\/apuestasclub.com\/pe\/afiliado\/neteller\" target=\"_blank\" rel=\"noopener noreferrer\">Acceso a Neteller<\/a><br \/>\n<a href=\"https:\/\/apuestasclub.com\/pe\/como-apostar\/como-crear-una-cuenta-en-neteller\/\">Lee el review completo de Neteller<\/a><\/p>\n<h3><\/h3>\n<p>&nbsp;<\/p>\n<p><img decoding=\"async\" class=\"alignleft\" style=\"width: 252px;\" title=\"heramientas-betffellows\" src=\"\/\/apuestasclub.com\/pe\/wp-content\/uploads\/sites\/7\/2017\/11\/heramientas-betffellows.png\" alt=\"\" width=\"666\" height=\"252\" data-id=\"52390\" \/><\/p>\n<h3><span style=\"font-family: Ubuntu; font-weight: 400;\">Betfellows<\/span><\/h3>\n<p style=\"text-align: justify;\" data-default=\"Enter your text here...\">Todo el mundo quiere buenas opiniones sobre los juegos en los que va a apostar. Betfellows es una herramienta de Apuestas Club, enfocada en usar la inteligencia estad\u00edstica y de nuestros usuarios para crear pron\u00f3sticos de extremo valor. Es 100% gratuita, tiene desaf\u00edos premiados constantemente y premia a los mejores usuarios. \u00a1Conoce y participa!<br \/>\n<a href=\"https:\/\/www.betfellows.com\/es\" target=\"_blank\" rel=\"noopener noreferrer\">Acceso a Betfellows<\/a><\/p>\n<p>&nbsp;<\/p>\n<h1 data-default=\"Your Heading Here\">Softwar de Trading<\/h1>\n<p><span style=\"width: 100%;\"><a href=\"https:\/\/apuestasclub.com\/pe\/afiliado\/geeks-toy\" target=\"_blank\" rel=\"noopener\"><img decoding=\"async\" class=\"alignleft\" style=\"width: 252px;\" title=\"ferramentas-geeks-toys\" src=\"https:\/\/apuestasclub.com\/pe\/wp-content\/uploads\/sites\/7\/2017\/10\/ferramentas-geeks-toys.jpg\" alt=\"\" width=\"666\" height=\"252\" data-id=\"53172\" \/><\/a><\/span><\/p>\n<h3 data-default=\"Your Heading Here\"><span style=\"font-family: Ubuntu; font-weight: 400;\">GeeksToy<\/span><\/h3>\n<p style=\"text-align: justify;\" data-default=\"Enter your text here...\">Geeks Toy fue creado en 2007 y desde su lanzamiento impresion\u00f3 a los jugadores que lo utilizaban. Su propuesta no es ser el mayor vendedor, pero si el mejor software de negociaci\u00f3n en bolsas deportivas. En 2012 pas\u00f3 a ser el m\u00e1s utilizado de Betfair y contin\u00faa desarroll\u00e1ndose para mejorar a\u00fan m\u00e1s su producto ante los usuarios.<br \/>\n<a href=\"https:\/\/www.clubedaposta.com\/parceiro\/geeks-toy\" target=\"_blank\" rel=\"noopener noreferrer\">Acceso a GeeksToy<\/a><br \/>\n<a href=\"https:\/\/clubedaposta.com\/blog\/softwares-para-trading\/\" target=\"_blank\" rel=\"noopener noreferrer\">Lee la review completa de GeeksToy<\/a><\/p>\n<p>&nbsp;<\/p>\n<p><img decoding=\"async\" class=\"alignleft\" style=\"width: 252px;\" title=\"ferramentas-traderline\" src=\"https:\/\/apuestasclub.com\/pe\/wp-content\/uploads\/sites\/7\/2017\/10\/ferramentas-traderline.jpg\" alt=\"\" width=\"666\" height=\"252\" data-id=\"53174\" \/><\/p>\n<h3 data-default=\"Your Heading Here\"><span style=\"font-family: Ubuntu; font-weight: 400;\">Traderline<\/span><\/h3>\n<p style=\"text-align: justify;\" data-default=\"Enter your text here...\">Traderline es probablemente el software de comercio que tiene la interfaz m\u00e1s amigable. Tambi\u00e9n tiene una buena aceptaci\u00f3n justamente por ser m\u00e1s f\u00e1cil de usar para los principiantes. Algunos traders dicen que es m\u00e1s lento y tiene algunas informaciones un poco confusas, mientras que otros lo adoran. Pero es otra alternativa interesante.<br \/>\n<a href=\"https:\/\/traderline.com\/pt\" target=\"_blank\" rel=\"noopener noreferrer\">Acceso a Traderline<\/a><\/p>\n<p>&nbsp;<\/p>\n<p>&nbsp;<\/p>\n<p>&nbsp;<\/p>\n<h3 data-default=\"Your Heading Here\"><span style=\"font-family: Ubuntu; font-weight: 400;\">W<a href=\"https:\/\/www.wagertool.com\/\" target=\"_blank\" rel=\"noopener\"><img decoding=\"async\" class=\"alignleft\" style=\"width: 252px;\" title=\"ferramentas-wagertool\" src=\"https:\/\/apuestasclub.com\/pe\/wp-content\/uploads\/sites\/7\/2017\/10\/ferramentas-wagertool.jpg\" alt=\"\" width=\"666\" height=\"252\" data-id=\"53175\" \/><\/a>agertool<\/span><\/h3>\n<p style=\"text-align: justify;\" data-default=\"Enter your text here...\">Wagertool es un software m\u00e1s nuevo que los otros dos, pero no por eso es peor. Por el contrario, \u00e9l resolvi\u00f3 un gran problema del mercado: \u00e9l funciona en dispositivos como el Mac, cosa que los otros no hacen todav\u00eda. Con una promesa de ser m\u00e1s ligera, ya gan\u00f3 adeptos y varios profesionales utilizan el Wagertool.<br \/>\n<a href=\"https:\/\/www.wagertool.com\/\" target=\"_blank\" rel=\"noopener noreferrer\">Acceso a Wagertool<\/a><\/p>\n<h1 data-default=\"Your Heading Here\"><\/h1>\n<p>&nbsp;<\/p>\n<h1 data-default=\"Your Heading Here\">Radar y Stream<\/h1>\n<p><span style=\"width: 100%;\"><a href=\"https:\/\/apuestasclub.com\/pe\/casa-de-apuestas\/william-hill\" target=\"_blank\" rel=\"noopener\"><img decoding=\"async\" class=\"alignleft\" style=\"width: 252px;\" title=\"radar-willian-hill\" src=\"https:\/\/apuestasclub.com\/pe\/wp-content\/uploads\/sites\/7\/2017\/10\/radar-willian-hill.jpg\" alt=\"\" width=\"666\" height=\"252\" data-id=\"53372\" \/><\/a><\/span><\/p>\n<h3 data-default=\"Your Heading Here\"><span style=\"font-family: Ubuntu; font-weight: 400;\">Radar de William Hill<\/span><\/h3>\n<p style=\"text-align: justify;\" data-default=\"Enter your text here...\">El radar es una herramienta casi indispensable para quien hace trading deportivo en live. \u00c9l ayuda a entender c\u00f3mo est\u00e1 el partido, las estad\u00edsticas m\u00e1s relevantes y apoya las decisiones que hacer en el mercado. Entre todos que existen por ah\u00ed, el de William Hill es de menor delay y el m\u00e1s completo, es utilizado por casi todos los profesionales.<br \/>\n<a href=\"https:\/\/apuestasclub.com\/pe\/casa-de-apuestas\/william-hill\" target=\"_blank\" rel=\"noopener noreferrer\">Acceso a WilliamHill<\/a><br \/>\n<a href=\"https:\/\/www.youtube.com\/watch?v=ieq6rYNB7YM\" target=\"_blank\" rel=\"noopener noreferrer\"><span style=\"color: #3db1ed;\">[V\u00eddeo] Como usar el radar de William Hill<\/span><\/a><\/p>\n<h1 data-default=\"Your Heading Here\"><\/h1>\n<p>&nbsp;<\/p>\n<h1 data-default=\"Your Heading Here\">Fuentes de conocimiento \/ Estudios<\/h1>\n<p><span style=\"width: 100%;\"><a href=\"https:\/\/apuestasclub.com\/pe\/cursos\/\" target=\"_blank\" rel=\"noopener\"><img decoding=\"async\" class=\"alignleft\" style=\"width: 252px;\" title=\"apuestas-clube\" src=\"\/\/apuestasclub.com\/pe\/wp-content\/uploads\/sites\/7\/2017\/11\/apuestas-clube.png\" alt=\"\" width=\"666\" height=\"252\" data-id=\"52391\" \/><\/a><\/span><\/p>\n<h3 data-default=\"Your Heading Here\"><span style=\"font-family: Ubuntu; font-weight: 400;\">Cursos gratuitos en Apuestas Club<\/span><\/h3>\n<p style=\"text-align: justify;\" data-default=\"Enter your text here...\">Siempre estamos tratando de hacer que el conocimiento sea m\u00e1s asequible. En vez de cobrar m\u00e1s por los cursos, estamos constantemente negociando acuerdos mejores con socios (casas de apuestas, herramientas, software) para que el costo del conocimiento sea lo m\u00e1s bajo posible. Actualmente ya tenemos varios cursos gratuitos y otros por venir.<br \/>\n<a href=\"https:\/\/clubedaposta.com\/cursos\/\" target=\"_blank\" rel=\"noopener noreferrer\">Acceso a cursos<\/a><\/p>\n<p>&nbsp;<\/p>\n<p>&nbsp;<\/p>\n<p>&nbsp;<\/p>\n<h1 data-default=\"Your Heading Here\">Mejores Casas de Apuesta<\/h1>\n<p><span style=\"width: 100%;\"><a href=\"https:\/\/apuestasclub.com\/pe\/casa-de-apuestas\/bet365\" target=\"_blank\" rel=\"noopener\"><img decoding=\"async\" class=\"alignleft\" style=\"width: 252px;\" title=\"bet-365-casa-apostas\" src=\"https:\/\/apuestasclub.com\/pe\/wp-content\/uploads\/sites\/7\/2017\/10\/bet-365-casa-apostas.jpg\" alt=\"\" width=\"666\" height=\"252\" data-id=\"53261\" \/><\/a><\/span><\/p>\n<h3><span style=\"font-family: Ubuntu; font-weight: 400;\">Bet365<\/span><\/h3>\n<p style=\"text-align: justify;\" data-default=\"Enter your text here...\">Los jugadores que ya hacen sus apuestas en Bet365 ya saben muy bien: Bet365 tiene una de las mejores cuotas del mercado y si usted est\u00e1 buscando aumentar el retorno en sus pron\u00f3sticos, puede ser un gran negocio comenzar a apostar por all\u00ed. Adem\u00e1s, es una de las gigantes del escenario de apuestas deportivas en el mundo, lo que aumenta la confianza en la casa.<br \/>\n<a href=\"https:\/\/apuestasclub.com\/pe\/casa-de-apuestas\/bet365\" target=\"_blank\" rel=\"noopener noreferrer\">Acceso a Bet365<\/a><br \/>\n<a href=\"https:\/\/apuestasclub.com\/pe\/blog\/apuestas-bet365-como-apostar-en-la-bet365\/\">Lee la review completa de Bet365<\/a><\/p>\n<p>&nbsp;<\/p>\n<h3><img decoding=\"async\" class=\"alignleft\" title=\"bumbet\" src=\"\/\/apuestasclub.com\/pe\/wp-content\/uploads\/sites\/7\/2017\/11\/bumbet.png\" alt=\"\" width=\"252\" height=\"252\" data-id=\"52393\" \/><\/h3>\n<h3><span style=\"font-family: Ubuntu; font-weight: 400;\">Bumbet.com<\/span><\/h3>\n<p style=\"text-align: justify;\" data-default=\"Enter your text here...\">En algunas ocasiones buscamos alguna otra casa de apuesta para probar, conocer u otras tantas por que nos entregan bonos interesantes, as\u00ed que hemos pensado en bumbet, que tiene un bono de bienvenida que te pueda interesar, $ 50 usd, pero no olvides siempre en todas las casas revisar con atenci\u00f3n las condiciones y restricciones de cada bono.<br \/>\n<a href=\"https:\/\/apuestasclub.com\/pe\/casa-de-apuestas\/bumbet\" target=\"_blank\" rel=\"noopener noreferrer\">Acceso a Bumbet<\/a><\/p>\n<p data-default=\"Enter your text here...\"><a href=\"https:\/\/clubedaposta.com\/casas-de-apostas\/apostas-online-como-apostar-no-apostasonline\/\" target=\"_blank\" rel=\"noopener noreferrer\">\u200b<\/a><\/p>\n<p>&nbsp;<\/p>\n<p><img decoding=\"async\" class=\"alignleft\" title=\"bwin\" src=\"\/\/apuestasclub.com\/pe\/wp-content\/uploads\/sites\/7\/2017\/11\/bwin.png\" alt=\"\" width=\"251\" height=\"251\" data-id=\"52394\" \/><\/p>\n<h3>Bwin<\/h3>\n<p style=\"text-align: justify;\" data-default=\"Enter your text here...\">Bwin es una de las casas mas recordadas por su patrocinio al Real Madrid hace algunos a\u00f1os, colocando en su momento entre las casas de apuesta m\u00e1s reconocidas. Esta es una casa con intefaz muy agradable que tambi\u00e9n nos puede servir para ir conociendo el funcionamiento de todas las casas, ah! y recordar que tambi\u00e9n suele tener bono de bienvenida.<br \/>\n<a href=\"https:\/\/apuestasclub.com\/pe\/casas-de-apuestas\/bwin\" target=\"_blank\" rel=\"noopener noreferrer\">Acceso a Bwin<\/a><\/p>\n<p data-default=\"Enter your text here...\"><a href=\"https:\/\/clubedaposta.com\/casas-de-apostas\/apostas-188bet-como-apostar-na-188bet\/\" target=\"_blank\" rel=\"noopener noreferrer\">\u200b<br \/>\n<\/a><\/p>\n<p style=\"text-align: center;\" data-default=\"Enter your text here...\">\u00bfFalt\u00f3 algo? \u00bfUtilizas alguna herramienta, software o algo que deber\u00eda aparecer aqu\u00ed? Env\u00eda un correo electr\u00f3nico a contacto@apuestasclub.com con tu sugerencia. Queremos que esta p\u00e1gina est\u00e9 siempre actualizada y contamos con tu ayuda para ello.<\/p>\n","protected":false},"excerpt":{"rendered":"<p>Reunimos todas las herramientas que necesitas en un solo lugar En Apuestas Club hemos reunido todas las herramientas que necesitar\u00e1s para apuestas deportivas y trading deportivo. Con todo esto en un solo lugar, de forma organizada y con f\u00e1cil acceso, es mucho m\u00e1s sencillo y r\u00e1pido para que tengas un arsenal completo a tu mano [&hellip;]<\/p>\n","protected":false},"author":22139,"featured_media":0,"parent":0,"menu_order":0,"comment_status":"closed","ping_status":"closed","template":"","meta":{"inline_featured_image":false,"ep_exclude_from_search":false,"footnotes":""},"class_list":["post-52248","page","type-page","status-publish","hentry"],"yoast_head":"<!-- This site is optimized with the Yoast SEO plugin v27.0 - https:\/\/yoast.com\/product\/yoast-seo-wordpress\/ -->\n<title>Herramientas para apuestas deportivas<\/title>\n<meta name=\"description\" content=\"Aprende a hacer dinero de las apuestas! En Apuestas Club hemos reunido todas las herramientas que necesitar\u00e1s para apuestas deportivas y trading deportivo.\" \/>\n<meta name=\"robots\" content=\"index, follow, max-snippet:-1, max-image-preview:large, max-video-preview:-1\" \/>\n<link rel=\"canonical\" href=\"https:\/\/apuestasclub.com\/pe\/herramientas-para-apuestas-deportivas\/\" \/>\n<meta property=\"og:locale\" content=\"es_PE\" \/>\n<meta property=\"og:type\" content=\"article\" \/>\n<meta property=\"og:title\" content=\"Herramientas para apuestas deportivas\" \/>\n<meta property=\"og:description\" content=\"Aprende a hacer dinero de las apuestas! En Apuestas Club hemos reunido todas las herramientas que necesitar\u00e1s para apuestas deportivas y trading deportivo.\" \/>\n<meta property=\"og:url\" content=\"https:\/\/apuestasclub.com\/pe\/herramientas-para-apuestas-deportivas\/\" \/>\n<meta property=\"og:site_name\" content=\"Apuestas Club Per\u00fa\" \/>\n<meta property=\"article:modified_time\" content=\"2018-02-13T13:16:56+00:00\" \/>\n<meta property=\"og:image\" content=\"http:\/\/apuestasclub.com\/pe\/wp-content\/uploads\/sites\/7\/2017\/10\/ferramentas-batfair.png\" \/>\n<meta name=\"twitter:card\" content=\"summary_large_image\" \/>\n<meta name=\"twitter:label1\" content=\"Est. reading time\" \/>\n\t<meta name=\"twitter:data1\" content=\"5 minutos\" \/>\n<script type=\"application\/ld+json\" class=\"yoast-schema-graph\">{\"@context\":\"https:\/\/schema.org\",\"@graph\":[{\"@type\":\"WebPage\",\"@id\":\"https:\/\/apuestasclub.com\/pe\/herramientas-para-apuestas-deportivas\/\",\"url\":\"https:\/\/apuestasclub.com\/pe\/herramientas-para-apuestas-deportivas\/\",\"name\":\"Herramientas para apuestas deportivas\",\"isPartOf\":{\"@id\":\"https:\/\/apuestasclub.com\/pe\/#website\"},\"primaryImageOfPage\":{\"@id\":\"https:\/\/apuestasclub.com\/pe\/herramientas-para-apuestas-deportivas\/#primaryimage\"},\"image\":{\"@id\":\"https:\/\/apuestasclub.com\/pe\/herramientas-para-apuestas-deportivas\/#primaryimage\"},\"thumbnailUrl\":\"http:\/\/apuestasclub.com\/pe\/wp-content\/uploads\/sites\/7\/2017\/10\/ferramentas-batfair.png\",\"datePublished\":\"2017-11-05T15:27:53+00:00\",\"dateModified\":\"2018-02-13T13:16:56+00:00\",\"description\":\"Aprende a hacer dinero de las apuestas! En Apuestas Club hemos reunido todas las herramientas que necesitar\u00e1s para apuestas deportivas y trading deportivo.\",\"breadcrumb\":{\"@id\":\"https:\/\/apuestasclub.com\/pe\/herramientas-para-apuestas-deportivas\/#breadcrumb\"},\"inLanguage\":\"es-PE\",\"potentialAction\":[{\"@type\":\"ReadAction\",\"target\":[\"https:\/\/apuestasclub.com\/pe\/herramientas-para-apuestas-deportivas\/\"]}]},{\"@type\":\"ImageObject\",\"inLanguage\":\"es-PE\",\"@id\":\"https:\/\/apuestasclub.com\/pe\/herramientas-para-apuestas-deportivas\/#primaryimage\",\"url\":\"http:\/\/apuestasclub.com\/pe\/wp-content\/uploads\/sites\/7\/2017\/10\/ferramentas-batfair.png\",\"contentUrl\":\"http:\/\/apuestasclub.com\/pe\/wp-content\/uploads\/sites\/7\/2017\/10\/ferramentas-batfair.png\"},{\"@type\":\"BreadcrumbList\",\"@id\":\"https:\/\/apuestasclub.com\/pe\/herramientas-para-apuestas-deportivas\/#breadcrumb\",\"itemListElement\":[{\"@type\":\"ListItem\",\"position\":1,\"name\":\"Portada\",\"item\":\"https:\/\/apuestasclub.com\/pe\/\"},{\"@type\":\"ListItem\",\"position\":2,\"name\":\"Herramientas para apuestas deportivas\"}]},{\"@type\":\"WebSite\",\"@id\":\"https:\/\/apuestasclub.com\/pe\/#website\",\"url\":\"https:\/\/apuestasclub.com\/pe\/\",\"name\":\"Apuestas Club Per\u00fa\",\"description\":\"Contenido educativo, an\u00e1lisis y estrategias responsables para apostadores en Per\u00fa que buscan tomar decisiones informadas en el mundo de las apuestas deportivas.\",\"potentialAction\":[{\"@type\":\"SearchAction\",\"target\":{\"@type\":\"EntryPoint\",\"urlTemplate\":\"https:\/\/apuestasclub.com\/pe\/?s={search_term_string}\"},\"query-input\":{\"@type\":\"PropertyValueSpecification\",\"valueRequired\":true,\"valueName\":\"search_term_string\"}}],\"inLanguage\":\"es-PE\"}]}<\/script>\n<!-- \/ Yoast SEO plugin. -->","yoast_head_json":{"title":"Herramientas para apuestas deportivas","description":"Aprende a hacer dinero de las apuestas! En Apuestas Club hemos reunido todas las herramientas que necesitar\u00e1s para apuestas deportivas y trading deportivo.","robots":{"index":"index","follow":"follow","max-snippet":"max-snippet:-1","max-image-preview":"max-image-preview:large","max-video-preview":"max-video-preview:-1"},"canonical":"https:\/\/apuestasclub.com\/pe\/herramientas-para-apuestas-deportivas\/","og_locale":"es_PE","og_type":"article","og_title":"Herramientas para apuestas deportivas","og_description":"Aprende a hacer dinero de las apuestas! En Apuestas Club hemos reunido todas las herramientas que necesitar\u00e1s para apuestas deportivas y trading deportivo.","og_url":"https:\/\/apuestasclub.com\/pe\/herramientas-para-apuestas-deportivas\/","og_site_name":"Apuestas Club Per\u00fa","article_modified_time":"2018-02-13T13:16:56+00:00","og_image":[{"url":"http:\/\/apuestasclub.com\/pe\/wp-content\/uploads\/sites\/7\/2017\/10\/ferramentas-batfair.png","type":"","width":"","height":""}],"twitter_card":"summary_large_image","twitter_misc":{"Est. reading time":"5 minutos"},"schema":{"@context":"https:\/\/schema.org","@graph":[{"@type":"WebPage","@id":"https:\/\/apuestasclub.com\/pe\/herramientas-para-apuestas-deportivas\/","url":"https:\/\/apuestasclub.com\/pe\/herramientas-para-apuestas-deportivas\/","name":"Herramientas para apuestas deportivas","isPartOf":{"@id":"https:\/\/apuestasclub.com\/pe\/#website"},"primaryImageOfPage":{"@id":"https:\/\/apuestasclub.com\/pe\/herramientas-para-apuestas-deportivas\/#primaryimage"},"image":{"@id":"https:\/\/apuestasclub.com\/pe\/herramientas-para-apuestas-deportivas\/#primaryimage"},"thumbnailUrl":"http:\/\/apuestasclub.com\/pe\/wp-content\/uploads\/sites\/7\/2017\/10\/ferramentas-batfair.png","datePublished":"2017-11-05T15:27:53+00:00","dateModified":"2018-02-13T13:16:56+00:00","description":"Aprende a hacer dinero de las apuestas! En Apuestas Club hemos reunido todas las herramientas que necesitar\u00e1s para apuestas deportivas y trading deportivo.","breadcrumb":{"@id":"https:\/\/apuestasclub.com\/pe\/herramientas-para-apuestas-deportivas\/#breadcrumb"},"inLanguage":"es-PE","potentialAction":[{"@type":"ReadAction","target":["https:\/\/apuestasclub.com\/pe\/herramientas-para-apuestas-deportivas\/"]}]},{"@type":"ImageObject","inLanguage":"es-PE","@id":"https:\/\/apuestasclub.com\/pe\/herramientas-para-apuestas-deportivas\/#primaryimage","url":"http:\/\/apuestasclub.com\/pe\/wp-content\/uploads\/sites\/7\/2017\/10\/ferramentas-batfair.png","contentUrl":"http:\/\/apuestasclub.com\/pe\/wp-content\/uploads\/sites\/7\/2017\/10\/ferramentas-batfair.png"},{"@type":"BreadcrumbList","@id":"https:\/\/apuestasclub.com\/pe\/herramientas-para-apuestas-deportivas\/#breadcrumb","itemListElement":[{"@type":"ListItem","position":1,"name":"Portada","item":"https:\/\/apuestasclub.com\/pe\/"},{"@type":"ListItem","position":2,"name":"Herramientas para apuestas deportivas"}]},{"@type":"WebSite","@id":"https:\/\/apuestasclub.com\/pe\/#website","url":"https:\/\/apuestasclub.com\/pe\/","name":"Apuestas Club Per\u00fa","description":"Contenido educativo, an\u00e1lisis y estrategias responsables para apostadores en Per\u00fa que buscan tomar decisiones informadas en el mundo de las apuestas deportivas.","potentialAction":[{"@type":"SearchAction","target":{"@type":"EntryPoint","urlTemplate":"https:\/\/apuestasclub.com\/pe\/?s={search_term_string}"},"query-input":{"@type":"PropertyValueSpecification","valueRequired":true,"valueName":"search_term_string"}}],"inLanguage":"es-PE"}]}},"_links":{"self":[{"href":"https:\/\/apuestasclub.com\/pe\/wp-json\/wp\/v2\/pages\/52248","targetHints":{"allow":["GET"]}}],"collection":[{"href":"https:\/\/apuestasclub.com\/pe\/wp-json\/wp\/v2\/pages"}],"about":[{"href":"https:\/\/apuestasclub.com\/pe\/wp-json\/wp\/v2\/types\/page"}],"author":[{"embeddable":true,"href":"https:\/\/apuestasclub.com\/pe\/wp-json\/wp\/v2\/users\/22139"}],"replies":[{"embeddable":true,"href":"https:\/\/apuestasclub.com\/pe\/wp-json\/wp\/v2\/comments?post=52248"}],"version-history":[{"count":0,"href":"https:\/\/apuestasclub.com\/pe\/wp-json\/wp\/v2\/pages\/52248\/revisions"}],"wp:attachment":[{"href":"https:\/\/apuestasclub.com\/pe\/wp-json\/wp\/v2\/media?parent=52248"}],"curies":[{"name":"wp","href":"https:\/\/api.w.org\/{rel}","templated":true}]}}