{"id":67803,"date":"2019-09-04T09:50:07","date_gmt":"2019-09-04T14:50:07","guid":{"rendered":"http:\/\/apuestasclub.com\/pe\/?page_id=67803"},"modified":"2020-04-27T11:05:37","modified_gmt":"2020-04-27T16:05:37","slug":"semana-trading-deportivo-septiembre","status":"publish","type":"page","link":"https:\/\/apuestasclub.com\/pe\/semana-trading-deportivo-septiembre\/","title":{"rendered":"Semana del Trading Deportivo &#8211; Septiembre"},"content":{"rendered":"<p><span style=\"width: 100%;\"><img decoding=\"async\" alt=\"\" width=\"1891\" height=\"674\" title=\"semana del trading deportivo-01\" data-id=\"66749\" src=\"\/\/apuestasclub.com\/pe\/wp-content\/uploads\/sites\/7\/2019\/06\/semana-del-trading-deportivo-01.png\" style=\"width: 100%;\"><\/span><\/p>\n<h1 style=\"text-align: center;\"><span style=\"font-family: Montserrat; font-weight: 400;\"><strong>Convi\u00e9rtete en un inversor deportivo<\/strong><\/span><\/h1>\n<p><span style=\"font-family: Montserrat; font-weight: 300;\">Inscr\u00edbete en nuestra semana del Trading Deportivo y aprender\u00e1s lo que necesitas para convertirte en un <strong>apostador rentable<\/strong>.<\/span><\/p>\n<p><span style=\"font-family: Montserrat; font-weight: 300;\">Inscribirte en nuestra semana del Trading Deportivo y aprendas todo lo que necesita para volverte en un <strong>apostador rentable<\/strong>.<\/span><\/p>\n","protected":false},"excerpt":{"rendered":"<p>Convi\u00e9rtete en un inversor deportivo Inscr\u00edbete en nuestra semana del Trading Deportivo y aprender\u00e1s lo que necesitas para convertirte en un apostador rentable. Inscribirte en nuestra semana del Trading Deportivo y aprendas todo lo que necesita para volverte en un apostador rentable.<\/p>\n","protected":false},"author":19845,"featured_media":0,"parent":0,"menu_order":0,"comment_status":"closed","ping_status":"closed","template":"","meta":{"inline_featured_image":false,"ep_exclude_from_search":false,"footnotes":""},"class_list":["post-67803","page","type-page","status-publish","hentry"],"yoast_head":"<!-- This site is optimized with the Yoast SEO plugin v27.0 - https:\/\/yoast.com\/product\/yoast-seo-wordpress\/ -->\n<title>Semana del Trading Deportivo &#8211; Septiembre - Apuestas Club Per\u00fa<\/title>\n<meta name=\"robots\" content=\"index, follow, max-snippet:-1, max-image-preview:large, max-video-preview:-1\" \/>\n<link rel=\"canonical\" href=\"https:\/\/apuestasclub.com\/pe\/semana-trading-deportivo-septiembre\/\" \/>\n<meta property=\"og:locale\" content=\"es_PE\" \/>\n<meta property=\"og:type\" content=\"article\" \/>\n<meta property=\"og:title\" content=\"Semana del Trading Deportivo &#8211; Septiembre - Apuestas Club Per\u00fa\" \/>\n<meta property=\"og:description\" content=\"Convi\u00e9rtete en un inversor deportivo Inscr\u00edbete en nuestra semana del Trading Deportivo y aprender\u00e1s lo que necesitas para convertirte en un apostador rentable. Inscribirte en nuestra semana del Trading Deportivo y aprendas todo lo que necesita para volverte en un apostador rentable.\" \/>\n<meta property=\"og:url\" content=\"https:\/\/apuestasclub.com\/pe\/semana-trading-deportivo-septiembre\/\" \/>\n<meta property=\"og:site_name\" content=\"Apuestas Club Per\u00fa\" \/>\n<meta property=\"article:modified_time\" content=\"2020-04-27T16:05:37+00:00\" \/>\n<meta name=\"twitter:card\" content=\"summary_large_image\" \/>\n<script type=\"application\/ld+json\" class=\"yoast-schema-graph\">{\"@context\":\"https:\/\/schema.org\",\"@graph\":[{\"@type\":\"WebPage\",\"@id\":\"https:\/\/apuestasclub.com\/pe\/semana-trading-deportivo-septiembre\/\",\"url\":\"https:\/\/apuestasclub.com\/pe\/semana-trading-deportivo-septiembre\/\",\"name\":\"Semana del Trading Deportivo &#8211; Septiembre - Apuestas Club Per\u00fa\",\"isPartOf\":{\"@id\":\"https:\/\/apuestasclub.com\/pe\/#website\"},\"datePublished\":\"2019-09-04T14:50:07+00:00\",\"dateModified\":\"2020-04-27T16:05:37+00:00\",\"breadcrumb\":{\"@id\":\"https:\/\/apuestasclub.com\/pe\/semana-trading-deportivo-septiembre\/#breadcrumb\"},\"inLanguage\":\"es-PE\",\"potentialAction\":[{\"@type\":\"ReadAction\",\"target\":[\"https:\/\/apuestasclub.com\/pe\/semana-trading-deportivo-septiembre\/\"]}]},{\"@type\":\"BreadcrumbList\",\"@id\":\"https:\/\/apuestasclub.com\/pe\/semana-trading-deportivo-septiembre\/#breadcrumb\",\"itemListElement\":[{\"@type\":\"ListItem\",\"position\":1,\"name\":\"Portada\",\"item\":\"https:\/\/apuestasclub.com\/pe\/\"},{\"@type\":\"ListItem\",\"position\":2,\"name\":\"Semana del Trading Deportivo &#8211; Septiembre\"}]},{\"@type\":\"WebSite\",\"@id\":\"https:\/\/apuestasclub.com\/pe\/#website\",\"url\":\"https:\/\/apuestasclub.com\/pe\/\",\"name\":\"Apuestas Club Per\u00fa\",\"description\":\"Contenido educativo, an\u00e1lisis y estrategias responsables para apostadores en Per\u00fa que buscan tomar decisiones informadas en el mundo de las apuestas deportivas.\",\"potentialAction\":[{\"@type\":\"SearchAction\",\"target\":{\"@type\":\"EntryPoint\",\"urlTemplate\":\"https:\/\/apuestasclub.com\/pe\/?s={search_term_string}\"},\"query-input\":{\"@type\":\"PropertyValueSpecification\",\"valueRequired\":true,\"valueName\":\"search_term_string\"}}],\"inLanguage\":\"es-PE\"}]}<\/script>\n<!-- \/ Yoast SEO plugin. -->","yoast_head_json":{"title":"Semana del Trading Deportivo &#8211; Septiembre - Apuestas Club Per\u00fa","robots":{"index":"index","follow":"follow","max-snippet":"max-snippet:-1","max-image-preview":"max-image-preview:large","max-video-preview":"max-video-preview:-1"},"canonical":"https:\/\/apuestasclub.com\/pe\/semana-trading-deportivo-septiembre\/","og_locale":"es_PE","og_type":"article","og_title":"Semana del Trading Deportivo &#8211; Septiembre - Apuestas Club Per\u00fa","og_description":"Convi\u00e9rtete en un inversor deportivo Inscr\u00edbete en nuestra semana del Trading Deportivo y aprender\u00e1s lo que necesitas para convertirte en un apostador rentable. Inscribirte en nuestra semana del Trading Deportivo y aprendas todo lo que necesita para volverte en un apostador rentable.","og_url":"https:\/\/apuestasclub.com\/pe\/semana-trading-deportivo-septiembre\/","og_site_name":"Apuestas Club Per\u00fa","article_modified_time":"2020-04-27T16:05:37+00:00","twitter_card":"summary_large_image","schema":{"@context":"https:\/\/schema.org","@graph":[{"@type":"WebPage","@id":"https:\/\/apuestasclub.com\/pe\/semana-trading-deportivo-septiembre\/","url":"https:\/\/apuestasclub.com\/pe\/semana-trading-deportivo-septiembre\/","name":"Semana del Trading Deportivo &#8211; Septiembre - Apuestas Club Per\u00fa","isPartOf":{"@id":"https:\/\/apuestasclub.com\/pe\/#website"},"datePublished":"2019-09-04T14:50:07+00:00","dateModified":"2020-04-27T16:05:37+00:00","breadcrumb":{"@id":"https:\/\/apuestasclub.com\/pe\/semana-trading-deportivo-septiembre\/#breadcrumb"},"inLanguage":"es-PE","potentialAction":[{"@type":"ReadAction","target":["https:\/\/apuestasclub.com\/pe\/semana-trading-deportivo-septiembre\/"]}]},{"@type":"BreadcrumbList","@id":"https:\/\/apuestasclub.com\/pe\/semana-trading-deportivo-septiembre\/#breadcrumb","itemListElement":[{"@type":"ListItem","position":1,"name":"Portada","item":"https:\/\/apuestasclub.com\/pe\/"},{"@type":"ListItem","position":2,"name":"Semana del Trading Deportivo &#8211; Septiembre"}]},{"@type":"WebSite","@id":"https:\/\/apuestasclub.com\/pe\/#website","url":"https:\/\/apuestasclub.com\/pe\/","name":"Apuestas Club Per\u00fa","description":"Contenido educativo, an\u00e1lisis y estrategias responsables para apostadores en Per\u00fa que buscan tomar decisiones informadas en el mundo de las apuestas deportivas.","potentialAction":[{"@type":"SearchAction","target":{"@type":"EntryPoint","urlTemplate":"https:\/\/apuestasclub.com\/pe\/?s={search_term_string}"},"query-input":{"@type":"PropertyValueSpecification","valueRequired":true,"valueName":"search_term_string"}}],"inLanguage":"es-PE"}]}},"_links":{"self":[{"href":"https:\/\/apuestasclub.com\/pe\/wp-json\/wp\/v2\/pages\/67803","targetHints":{"allow":["GET"]}}],"collection":[{"href":"https:\/\/apuestasclub.com\/pe\/wp-json\/wp\/v2\/pages"}],"about":[{"href":"https:\/\/apuestasclub.com\/pe\/wp-json\/wp\/v2\/types\/page"}],"author":[{"embeddable":true,"href":"https:\/\/apuestasclub.com\/pe\/wp-json\/wp\/v2\/users\/19845"}],"replies":[{"embeddable":true,"href":"https:\/\/apuestasclub.com\/pe\/wp-json\/wp\/v2\/comments?post=67803"}],"version-history":[{"count":0,"href":"https:\/\/apuestasclub.com\/pe\/wp-json\/wp\/v2\/pages\/67803\/revisions"}],"wp:attachment":[{"href":"https:\/\/apuestasclub.com\/pe\/wp-json\/wp\/v2\/media?parent=67803"}],"curies":[{"name":"wp","href":"https:\/\/api.w.org\/{rel}","templated":true}]}}