{"id":67862,"date":"2019-09-11T17:19:18","date_gmt":"2019-09-11T22:19:18","guid":{"rendered":"http:\/\/apuestasclub.com\/pe\/?page_id=67862"},"modified":"2020-04-27T11:04:56","modified_gmt":"2020-04-27T16:04:56","slug":"clase-3-estrategia-para-hacer-trading-en-futbol","status":"publish","type":"page","link":"https:\/\/apuestasclub.com\/pe\/clase-3-estrategia-para-hacer-trading-en-futbol\/","title":{"rendered":"Clase 3 \u2022 Una estrategia para hacer Trading en F\u00fatbol"},"content":{"rendered":"<p><span style=\"width: 100%;\"><img decoding=\"async\" alt=\"\" width=\"1891\" height=\"674\" title=\"semana del trading deportivo-01\" data-id=\"66749\" src=\"\/\/apuestasclub.com\/pe\/wp-content\/uploads\/sites\/7\/2019\/06\/semana-del-trading-deportivo-01.png\" style=\"width: 100%;\"><\/span><\/p>\n<h1 style=\"text-align: center;\"><span style=\"font-family: Montserrat; font-weight: 400;\"><strong>Una estrategia para hacer Trading en F\u00fatbol<\/strong><\/span><\/h1>\n<p style=\"text-align: center;\"><span style=\"font-family: Montserrat; font-weight: 400;\"><strong>Deja tu comentario o duda abajo:<\/strong><\/span><\/p>\n<p><span style=\"width: 100%;\"><a href=\"https:\/\/pay.hotmart.com\/D14119923T\" target=\"_blank\"><img decoding=\"async\" alt=\"\" width=\"750\" height=\"250\" title=\"curso-trading-en-30-dias\" data-id=\"67894\" src=\"https:\/\/apuestasclub.com\/pe\/wp-content\/uploads\/sites\/7\/2019\/09\/curso-trading-en-30-dias.gif\" style=\"width: 100%;\"><\/a><\/span><\/p>\n<p style=\"text-align: center;\"><span style=\"font-family: Montserrat; font-weight: 400;\">Estamos en todas las redes sociales<\/span><\/p>\n<p><a href=\"https:\/\/facebook.com\/apuestasclub\" target=\"_blank\"><\/a><\/p>\n","protected":false},"excerpt":{"rendered":"<p>Una estrategia para hacer Trading en F\u00fatbol Deja tu comentario o duda abajo: Estamos en todas las redes sociales<\/p>\n","protected":false},"author":2,"featured_media":0,"parent":0,"menu_order":0,"comment_status":"closed","ping_status":"closed","template":"","meta":{"inline_featured_image":false,"ep_exclude_from_search":false,"footnotes":""},"class_list":["post-67862","page","type-page","status-publish","hentry"],"yoast_head":"<!-- This site is optimized with the Yoast SEO plugin v27.0 - https:\/\/yoast.com\/product\/yoast-seo-wordpress\/ -->\n<title>Clase 3 \u2022 Una estrategia para hacer Trading en F\u00fatbol - Apuestas Club Per\u00fa<\/title>\n<meta name=\"robots\" content=\"index, follow, max-snippet:-1, max-image-preview:large, max-video-preview:-1\" \/>\n<link rel=\"canonical\" href=\"https:\/\/apuestasclub.com\/pe\/clase-3-estrategia-para-hacer-trading-en-futbol\/\" \/>\n<meta property=\"og:locale\" content=\"es_PE\" \/>\n<meta property=\"og:type\" content=\"article\" \/>\n<meta property=\"og:title\" content=\"Clase 3 \u2022 Una estrategia para hacer Trading en F\u00fatbol - Apuestas Club Per\u00fa\" \/>\n<meta property=\"og:description\" content=\"Una estrategia para hacer Trading en F\u00fatbol Deja tu comentario o duda abajo: Estamos en todas las redes sociales\" \/>\n<meta property=\"og:url\" content=\"https:\/\/apuestasclub.com\/pe\/clase-3-estrategia-para-hacer-trading-en-futbol\/\" \/>\n<meta property=\"og:site_name\" content=\"Apuestas Club Per\u00fa\" \/>\n<meta property=\"article:modified_time\" content=\"2020-04-27T16:04:56+00:00\" \/>\n<meta property=\"og:image\" content=\"http:\/\/apuestasclub.com\/pe\/wp-content\/uploads\/sites\/7\/2019\/09\/curso-trading-en-30-dias.gif\" \/>\n<meta name=\"twitter:card\" content=\"summary_large_image\" \/>\n<script type=\"application\/ld+json\" class=\"yoast-schema-graph\">{\"@context\":\"https:\/\/schema.org\",\"@graph\":[{\"@type\":\"WebPage\",\"@id\":\"https:\/\/apuestasclub.com\/pe\/clase-3-estrategia-para-hacer-trading-en-futbol\/\",\"url\":\"https:\/\/apuestasclub.com\/pe\/clase-3-estrategia-para-hacer-trading-en-futbol\/\",\"name\":\"Clase 3 \u2022 Una estrategia para hacer Trading en F\u00fatbol - Apuestas Club Per\u00fa\",\"isPartOf\":{\"@id\":\"https:\/\/apuestasclub.com\/pe\/#website\"},\"primaryImageOfPage\":{\"@id\":\"https:\/\/apuestasclub.com\/pe\/clase-3-estrategia-para-hacer-trading-en-futbol\/#primaryimage\"},\"image\":{\"@id\":\"https:\/\/apuestasclub.com\/pe\/clase-3-estrategia-para-hacer-trading-en-futbol\/#primaryimage\"},\"thumbnailUrl\":\"http:\/\/apuestasclub.com\/pe\/wp-content\/uploads\/sites\/7\/2019\/09\/curso-trading-en-30-dias.gif\",\"datePublished\":\"2019-09-11T22:19:18+00:00\",\"dateModified\":\"2020-04-27T16:04:56+00:00\",\"breadcrumb\":{\"@id\":\"https:\/\/apuestasclub.com\/pe\/clase-3-estrategia-para-hacer-trading-en-futbol\/#breadcrumb\"},\"inLanguage\":\"es-PE\",\"potentialAction\":[{\"@type\":\"ReadAction\",\"target\":[\"https:\/\/apuestasclub.com\/pe\/clase-3-estrategia-para-hacer-trading-en-futbol\/\"]}]},{\"@type\":\"ImageObject\",\"inLanguage\":\"es-PE\",\"@id\":\"https:\/\/apuestasclub.com\/pe\/clase-3-estrategia-para-hacer-trading-en-futbol\/#primaryimage\",\"url\":\"http:\/\/apuestasclub.com\/pe\/wp-content\/uploads\/sites\/7\/2019\/09\/curso-trading-en-30-dias.gif\",\"contentUrl\":\"http:\/\/apuestasclub.com\/pe\/wp-content\/uploads\/sites\/7\/2019\/09\/curso-trading-en-30-dias.gif\"},{\"@type\":\"BreadcrumbList\",\"@id\":\"https:\/\/apuestasclub.com\/pe\/clase-3-estrategia-para-hacer-trading-en-futbol\/#breadcrumb\",\"itemListElement\":[{\"@type\":\"ListItem\",\"position\":1,\"name\":\"Portada\",\"item\":\"https:\/\/apuestasclub.com\/pe\/\"},{\"@type\":\"ListItem\",\"position\":2,\"name\":\"Clase 3 \u2022 Una estrategia para hacer Trading en F\u00fatbol\"}]},{\"@type\":\"WebSite\",\"@id\":\"https:\/\/apuestasclub.com\/pe\/#website\",\"url\":\"https:\/\/apuestasclub.com\/pe\/\",\"name\":\"Apuestas Club Per\u00fa\",\"description\":\"Contenido educativo, an\u00e1lisis y estrategias responsables para apostadores en Per\u00fa que buscan tomar decisiones informadas en el mundo de las apuestas deportivas.\",\"potentialAction\":[{\"@type\":\"SearchAction\",\"target\":{\"@type\":\"EntryPoint\",\"urlTemplate\":\"https:\/\/apuestasclub.com\/pe\/?s={search_term_string}\"},\"query-input\":{\"@type\":\"PropertyValueSpecification\",\"valueRequired\":true,\"valueName\":\"search_term_string\"}}],\"inLanguage\":\"es-PE\"}]}<\/script>\n<!-- \/ Yoast SEO plugin. -->","yoast_head_json":{"title":"Clase 3 \u2022 Una estrategia para hacer Trading en F\u00fatbol - Apuestas Club Per\u00fa","robots":{"index":"index","follow":"follow","max-snippet":"max-snippet:-1","max-image-preview":"max-image-preview:large","max-video-preview":"max-video-preview:-1"},"canonical":"https:\/\/apuestasclub.com\/pe\/clase-3-estrategia-para-hacer-trading-en-futbol\/","og_locale":"es_PE","og_type":"article","og_title":"Clase 3 \u2022 Una estrategia para hacer Trading en F\u00fatbol - Apuestas Club Per\u00fa","og_description":"Una estrategia para hacer Trading en F\u00fatbol Deja tu comentario o duda abajo: Estamos en todas las redes sociales","og_url":"https:\/\/apuestasclub.com\/pe\/clase-3-estrategia-para-hacer-trading-en-futbol\/","og_site_name":"Apuestas Club Per\u00fa","article_modified_time":"2020-04-27T16:04:56+00:00","og_image":[{"url":"http:\/\/apuestasclub.com\/pe\/wp-content\/uploads\/sites\/7\/2019\/09\/curso-trading-en-30-dias.gif","type":"","width":"","height":""}],"twitter_card":"summary_large_image","schema":{"@context":"https:\/\/schema.org","@graph":[{"@type":"WebPage","@id":"https:\/\/apuestasclub.com\/pe\/clase-3-estrategia-para-hacer-trading-en-futbol\/","url":"https:\/\/apuestasclub.com\/pe\/clase-3-estrategia-para-hacer-trading-en-futbol\/","name":"Clase 3 \u2022 Una estrategia para hacer Trading en F\u00fatbol - Apuestas Club Per\u00fa","isPartOf":{"@id":"https:\/\/apuestasclub.com\/pe\/#website"},"primaryImageOfPage":{"@id":"https:\/\/apuestasclub.com\/pe\/clase-3-estrategia-para-hacer-trading-en-futbol\/#primaryimage"},"image":{"@id":"https:\/\/apuestasclub.com\/pe\/clase-3-estrategia-para-hacer-trading-en-futbol\/#primaryimage"},"thumbnailUrl":"http:\/\/apuestasclub.com\/pe\/wp-content\/uploads\/sites\/7\/2019\/09\/curso-trading-en-30-dias.gif","datePublished":"2019-09-11T22:19:18+00:00","dateModified":"2020-04-27T16:04:56+00:00","breadcrumb":{"@id":"https:\/\/apuestasclub.com\/pe\/clase-3-estrategia-para-hacer-trading-en-futbol\/#breadcrumb"},"inLanguage":"es-PE","potentialAction":[{"@type":"ReadAction","target":["https:\/\/apuestasclub.com\/pe\/clase-3-estrategia-para-hacer-trading-en-futbol\/"]}]},{"@type":"ImageObject","inLanguage":"es-PE","@id":"https:\/\/apuestasclub.com\/pe\/clase-3-estrategia-para-hacer-trading-en-futbol\/#primaryimage","url":"http:\/\/apuestasclub.com\/pe\/wp-content\/uploads\/sites\/7\/2019\/09\/curso-trading-en-30-dias.gif","contentUrl":"http:\/\/apuestasclub.com\/pe\/wp-content\/uploads\/sites\/7\/2019\/09\/curso-trading-en-30-dias.gif"},{"@type":"BreadcrumbList","@id":"https:\/\/apuestasclub.com\/pe\/clase-3-estrategia-para-hacer-trading-en-futbol\/#breadcrumb","itemListElement":[{"@type":"ListItem","position":1,"name":"Portada","item":"https:\/\/apuestasclub.com\/pe\/"},{"@type":"ListItem","position":2,"name":"Clase 3 \u2022 Una estrategia para hacer Trading en F\u00fatbol"}]},{"@type":"WebSite","@id":"https:\/\/apuestasclub.com\/pe\/#website","url":"https:\/\/apuestasclub.com\/pe\/","name":"Apuestas Club Per\u00fa","description":"Contenido educativo, an\u00e1lisis y estrategias responsables para apostadores en Per\u00fa que buscan tomar decisiones informadas en el mundo de las apuestas deportivas.","potentialAction":[{"@type":"SearchAction","target":{"@type":"EntryPoint","urlTemplate":"https:\/\/apuestasclub.com\/pe\/?s={search_term_string}"},"query-input":{"@type":"PropertyValueSpecification","valueRequired":true,"valueName":"search_term_string"}}],"inLanguage":"es-PE"}]}},"_links":{"self":[{"href":"https:\/\/apuestasclub.com\/pe\/wp-json\/wp\/v2\/pages\/67862","targetHints":{"allow":["GET"]}}],"collection":[{"href":"https:\/\/apuestasclub.com\/pe\/wp-json\/wp\/v2\/pages"}],"about":[{"href":"https:\/\/apuestasclub.com\/pe\/wp-json\/wp\/v2\/types\/page"}],"author":[{"embeddable":true,"href":"https:\/\/apuestasclub.com\/pe\/wp-json\/wp\/v2\/users\/2"}],"replies":[{"embeddable":true,"href":"https:\/\/apuestasclub.com\/pe\/wp-json\/wp\/v2\/comments?post=67862"}],"version-history":[{"count":0,"href":"https:\/\/apuestasclub.com\/pe\/wp-json\/wp\/v2\/pages\/67862\/revisions"}],"wp:attachment":[{"href":"https:\/\/apuestasclub.com\/pe\/wp-json\/wp\/v2\/media?parent=67862"}],"curies":[{"name":"wp","href":"https:\/\/api.w.org\/{rel}","templated":true}]}}